{"id":642,"date":"2020-03-17T20:09:39","date_gmt":"2020-03-17T19:09:39","guid":{"rendered":"https:\/\/familiaschroeder.com\/arg\/?page_id=642"},"modified":"2025-12-01T13:52:56","modified_gmt":"2025-12-01T16:52:56","slug":"contacto","status":"publish","type":"page","link":"https:\/\/familiaschroeder.com\/arg\/contacto\/","title":{"rendered":"Contacto"},"content":{"rendered":"<div class=\"wpb-content-wrapper\"><p>[vc_row css=&#8221;.vc_custom_1706020998889{margin-bottom: 0px !important;padding-top: 20px !important;padding-bottom: 20px !important;}&#8221;][vc_column align=&#8221;text-center&#8221; offset=&#8221;vc_col-md-offset-2 vc_col-md-8&#8243; css=&#8221;.vc_custom_1545670816022{padding-right: 7% !important;padding-left: 7% !important;}&#8221;]<style>.ld_spacer_69e9fb2eedd6d{height:20px;}<\/style>\n<div class=\"ld-empty-space ld_spacer_69e9fb2eedd6d\"><span class=\"liquid_empty_space_inner\"><\/span><\/div><style>.ld_fancy_heading_69e9fb2eedfb3 h2 {margin-bottom:0px !important;  } .ld_fancy_heading_69e9fb2eedfb3 .lqd-highlight-inner{height:0.275em;bottom:0px;}.ld_fancy_heading_69e9fb2eedfb3 h2 {margin-bottom:0px !important;  } <\/style><div class=\"ld-fancy-heading ld_fancy_heading_69e9fb2eedfb3\">\n\t<h2 class=\"lqd-highlight-underline lqd-highlight-grow-left\" ><span class=\"ld-fh-txt\"> <\/p>\n<p style=\"text-align: center\">Contacto<\/p>\n<p><\/span><\/h2><\/div>[\/vc_column][\/vc_row][vc_row full_width=&#8221;stretch_row&#8221; gap=&#8221;0&#8243; equal_height=&#8221;yes&#8221; content_placement=&#8221;middle&#8221; css=&#8221;.vc_custom_1588014838353{margin-right: 0px !important;margin-left: 0px !important;padding-right: 0px !important;padding-left: 0px !important;}&#8221; row_hide=&#8221;hidden-xs hidden-sm&#8221;][vc_column width=&#8221;1\/2&#8243; css=&#8221;.vc_custom_1706188199046{padding-right: 20px !important;padding-left: 20px !important;background-color: #f4f4ef !important;}&#8221;][vc_row_inner][vc_column_inner width=&#8221;1\/6&#8243;][\/vc_column_inner][vc_column_inner width=&#8221;2\/3&#8243; offset=&#8221;vc_col-xs-12&#8243;]<style>.ld_spacer_69e9fb2eee322{height:50px;}<\/style>\n<div class=\"ld-empty-space ld_spacer_69e9fb2eee322\"><span class=\"liquid_empty_space_inner\"><\/span><\/div>[vc_column_text]<\/p>\n<h4>DIRECCI\u00d3N<\/h4>\n<p>Calle 7 Norte, San Patricio del Cha\u00f1ar (8305) Neuqu\u00e9n,<br \/>\nPatagonia &#8211; Argentina.<br \/>\nA s\u00f3lo 60 minutos de la ciudad de Neuqu\u00e9n.[\/vc_column_text]<style>.ld_spacer_69e9fb2eee44b{height:50px;}<\/style>\n<div class=\"ld-empty-space ld_spacer_69e9fb2eee44b\"><span class=\"liquid_empty_space_inner\"><\/span><\/div>[vc_column_text css=&#8221;&#8221;]<\/p>\n<h4>RESTAURANT<\/h4>\n<p><i class=\"fab fa-whatsapp\"><\/i> <a href=\"https:\/\/wa.link\/o6os43\">\u202a+54 9 2996 05\u20118028\u202c<\/a>[\/vc_column_text][vc_column_text css=&#8221;.vc_custom_1706188151100{padding-top: 10px !important;}&#8221;]<\/p>\n<h4>TURISMO<\/h4>\n<p><i class=\"fab fa-whatsapp\"><\/i> <a href=\"https:\/\/wa.link\/s63oxp\">+54 299\u00a0454-8920<\/a>[\/vc_column_text]<style>.ld_spacer_69e9fb2eee561{height:50px;}<\/style>\n<div class=\"ld-empty-space ld_spacer_69e9fb2eee561\"><span class=\"liquid_empty_space_inner\"><\/span><\/div>[vc_column_text css=&#8221;&#8221;]<\/p>\n<h4>MAILS<\/h4>\n<div dir=\"auto\"><strong>Recursos Humanos<\/strong><\/div>\n<div dir=\"auto\"><a href=\"mailto:empleos@familiaschroeder.com\" target=\"_blank\" rel=\"noopener noreferrer\">empleos@<wbr \/>familiaschroeder.com<\/a><\/div>\n<div dir=\"auto\"><strong>Marketing<\/strong><\/div>\n<div dir=\"auto\"><a href=\"mailto:mcschroeder@familiaschroeder.com\" target=\"_blank\" rel=\"noopener\">mcschroeder@familiaschroeder.com<\/a><\/div>\n<div dir=\"auto\"><strong>Turismo<\/strong><\/div>\n<div dir=\"auto\"><a href=\"mailto:turismo@familiaschroeder.com\" target=\"_blank\" rel=\"noopener noreferrer\">turismo@<wbr \/>familiaschroeder.com<\/a><\/div>\n<div dir=\"auto\"><strong>Mercado Interno<\/strong><\/div>\n<div dir=\"auto\"><a href=\"mailto:hfigueroa@familiaschroeder.com\">hfigueroa@familiaschroeder.com<\/a><\/div>\n<div dir=\"auto\"><strong>Comercio Exterior<\/strong><\/div>\n<div dir=\"auto\"><a href=\"mailto:cpizarro@familiaschroeder.com\" target=\"_blank\" rel=\"noopener noreferrer\">cpizarro@familiaschroeder.com<\/a><\/div>\n<div dir=\"auto\"><strong>Gerencia Comercial<\/strong><\/div>\n<div dir=\"auto\"><a href=\"mailto:pherrera@familiaschroeder.com\" target=\"_blank\" rel=\"noopener noreferrer\">pherrera@familiaschroeder.com<\/a><\/div>\n<div dir=\"auto\"><strong>Saurus<\/strong><\/div>\n<div dir=\"auto\"><a href=\"mailto:restaurantenbodega@familiaschroeder.com\" target=\"_blank\" rel=\"noopener noreferrer\">restaurantenbodega@familiaschroeder.com<\/a><\/div>\n<p>[\/vc_column_text]<style>.ld_spacer_69e9fb2eee66f{height:50px;}<\/style>\n<div class=\"ld-empty-space ld_spacer_69e9fb2eee66f\"><span class=\"liquid_empty_space_inner\"><\/span><\/div>[\/vc_column_inner][vc_column_inner width=&#8221;1\/6&#8243;][\/vc_column_inner][\/vc_row_inner][\/vc_column][vc_column width=&#8221;1\/2&#8243; css=&#8221;.vc_custom_1584558504793{margin-top: 0px !important;margin-right: 0px !important;margin-bottom: 0px !important;margin-left: 0px !important;padding-top: 0px !important;padding-right: 0px !important;padding-bottom: 0px !important;padding-left: 0px !important;}&#8221;][vc_raw_html css=&#8221;.vc_custom_1588016101902{margin-top: 0px !important;margin-right: 0px !important;margin-bottom: 0px !important;margin-left: 0px !important;padding-top: 0px !important;padding-right: 0px !important;padding-bottom: 0px !important;padding-left: 0px !important;}&#8221;]JTNDaWZyYW1lJTIwc3R5bGUlM0QlMjJib3JkZXIlM0ElMjAwJTNCJTIyJTIwdGFiaW5kZXglM0QlMjIwJTIyJTIwc3JjJTNEJTIyaHR0cHMlM0ElMkYlMkZ3d3cuZ29vZ2xlLmNvbSUyRm1hcHMlMkZlbWJlZCUzRnBiJTNEJTIxMW0xOCUyMTFtMTIlMjExbTMlMjExZDMxMTguOTg0NDEyMDcxMzQ4MyUyMTJkLTY4LjMxMzc5MjA4NTQwMTYyJTIxM2QtMzguNTgwMjA2Nzc5NjIwOCUyMTJtMyUyMTFmMCUyMTJmMCUyMTNmMCUyMTNtMiUyMTFpMTAyNCUyMTJpNzY4JTIxNGYxMy4xJTIxM20zJTIxMW0yJTIxMXMweDk2MGJhODkyMjE5MzRiODElMjUzQTB4MzJmNzkzNWFhNmNkMjUzYyUyMTJzQm9kZWdhJTI1MjBGYW1pbGlhJTI1MjBTY2hyb2VkZXIlMjE1ZTAlMjEzbTIlMjExc2VzJTIxMnNhciUyMTR2MTU4NTE2NjkzNDM2MCUyMTVtMiUyMTFzZXMlMjEyc2FyJTIyJTIwd2lkdGglM0QlMjIxMDAlMjUlMjIlMjBoZWlnaHQlM0QlMjI4MDBweCUyMiUyMGZyYW1lYm9yZGVyJTNEJTIyMCUyMiUyMGFsbG93ZnVsbHNjcmVlbiUzRCUyMmFsbG93ZnVsbHNjcmVlbiUyMiUyMGFyaWEtaGlkZGVuJTNEJTIyZmFsc2UlMjIlM0UlM0MlMkZpZnJhbWUlM0U=[\/vc_raw_html][\/vc_column][\/vc_row]<\/p>\n<\/div>","protected":false},"excerpt":{"rendered":"<p>[vc_row css=&#8221;.vc_custom_1706020998889{margin-bottom: 0px !important;padding-top: 20px !important;padding-bottom: 20px !important;}&#8221;][vc_column align=&#8221;text-center&#8221; offset=&#8221;vc_col-md-offset-2 vc_col-md-8&#8243; css=&#8221;.vc_custom_1545670816022{padding-right: 7% !important;padding-left: 7%&#8230;<\/p>\n","protected":false},"author":1,"featured_media":0,"parent":0,"menu_order":0,"comment_status":"closed","ping_status":"closed","template":"","meta":{"_acf_changed":false,"_monsterinsights_skip_tracking":false,"_monsterinsights_sitenote_active":false,"_monsterinsights_sitenote_note":"","_monsterinsights_sitenote_category":0,"footnotes":""},"class_list":["post-642","page","type-page","status-publish","hentry"],"acf":[],"yoast_head":"<!-- This site is optimized with the Yoast SEO plugin v27.4 - https:\/\/yoast.com\/product\/yoast-seo-wordpress\/ -->\n<title>Contacto | Familia Schroeder<\/title>\n<meta name=\"description\" content=\"Somos Bodega Familia Schroeder, estamos para ayudarte, no dejes de contactarnos.\" \/>\n<meta name=\"robots\" content=\"index, follow, max-snippet:-1, max-image-preview:large, max-video-preview:-1\" \/>\n<link rel=\"canonical\" href=\"https:\/\/familiaschroeder.com\/arg\/contacto\/\" \/>\n<meta property=\"og:locale\" content=\"es_ES\" \/>\n<meta property=\"og:type\" content=\"article\" \/>\n<meta property=\"og:title\" content=\"Contacto | Familia Schroeder\" \/>\n<meta property=\"og:description\" content=\"Somos Bodega Familia Schroeder, estamos para ayudarte, no dejes de contactarnos.\" \/>\n<meta property=\"og:url\" content=\"https:\/\/familiaschroeder.com\/arg\/contacto\/\" \/>\n<meta property=\"og:site_name\" content=\"Familia Schroeder\" \/>\n<meta property=\"article:publisher\" content=\"https:\/\/www.facebook.com\/BodegaFamiliaSchroeder\/\" \/>\n<meta property=\"article:modified_time\" content=\"2025-12-01T16:52:56+00:00\" \/>\n<meta name=\"twitter:card\" content=\"summary_large_image\" \/>\n<meta name=\"twitter:label1\" content=\"Tiempo de lectura\" \/>\n\t<meta name=\"twitter:data1\" content=\"1 minuto\" \/>\n<script type=\"application\/ld+json\" class=\"yoast-schema-graph\">{\"@context\":\"https:\\\/\\\/schema.org\",\"@graph\":[{\"@type\":\"WebPage\",\"@id\":\"https:\\\/\\\/familiaschroeder.com\\\/arg\\\/contacto\\\/\",\"url\":\"https:\\\/\\\/familiaschroeder.com\\\/arg\\\/contacto\\\/\",\"name\":\"Contacto | Familia Schroeder\",\"isPartOf\":{\"@id\":\"https:\\\/\\\/familiaschroeder.com\\\/arg\\\/#website\"},\"datePublished\":\"2020-03-17T19:09:39+00:00\",\"dateModified\":\"2025-12-01T16:52:56+00:00\",\"description\":\"Somos Bodega Familia Schroeder, estamos para ayudarte, no dejes de contactarnos.\",\"breadcrumb\":{\"@id\":\"https:\\\/\\\/familiaschroeder.com\\\/arg\\\/contacto\\\/#breadcrumb\"},\"inLanguage\":\"es-AR\",\"potentialAction\":[{\"@type\":\"ReadAction\",\"target\":[\"https:\\\/\\\/familiaschroeder.com\\\/arg\\\/contacto\\\/\"]}]},{\"@type\":\"BreadcrumbList\",\"@id\":\"https:\\\/\\\/familiaschroeder.com\\\/arg\\\/contacto\\\/#breadcrumb\",\"itemListElement\":[{\"@type\":\"ListItem\",\"position\":1,\"name\":\"Portada\",\"item\":\"https:\\\/\\\/familiaschroeder.com\\\/arg\\\/\"},{\"@type\":\"ListItem\",\"position\":2,\"name\":\"Contacto\"}]},{\"@type\":\"WebSite\",\"@id\":\"https:\\\/\\\/familiaschroeder.com\\\/arg\\\/#website\",\"url\":\"https:\\\/\\\/familiaschroeder.com\\\/arg\\\/\",\"name\":\"Bodega Familia Schroeder\",\"description\":\"Nuestra Bodega est\u00e1 ubicada en la Patagonia, donde se cultivan vides de la m\u00e1s alta calidad enol\u00f3gica.\",\"publisher\":{\"@id\":\"https:\\\/\\\/familiaschroeder.com\\\/arg\\\/#organization\"},\"alternateName\":\"Familia Schroeder\",\"potentialAction\":[{\"@type\":\"SearchAction\",\"target\":{\"@type\":\"EntryPoint\",\"urlTemplate\":\"https:\\\/\\\/familiaschroeder.com\\\/arg\\\/?s={search_term_string}\"},\"query-input\":{\"@type\":\"PropertyValueSpecification\",\"valueRequired\":true,\"valueName\":\"search_term_string\"}}],\"inLanguage\":\"es-AR\"},{\"@type\":\"Organization\",\"@id\":\"https:\\\/\\\/familiaschroeder.com\\\/arg\\\/#organization\",\"name\":\"Bodega Familia Schroeder\",\"url\":\"https:\\\/\\\/familiaschroeder.com\\\/arg\\\/\",\"logo\":{\"@type\":\"ImageObject\",\"inLanguage\":\"es-AR\",\"@id\":\"https:\\\/\\\/familiaschroeder.com\\\/arg\\\/#\\\/schema\\\/logo\\\/image\\\/\",\"url\":\"https:\\\/\\\/familiaschroeder.com\\\/arg\\\/wp-content\\\/uploads\\\/2020\\\/03\\\/logodarks.png\",\"contentUrl\":\"https:\\\/\\\/familiaschroeder.com\\\/arg\\\/wp-content\\\/uploads\\\/2020\\\/03\\\/logodarks.png\",\"width\":203,\"height\":61,\"caption\":\"Bodega Familia Schroeder\"},\"image\":{\"@id\":\"https:\\\/\\\/familiaschroeder.com\\\/arg\\\/#\\\/schema\\\/logo\\\/image\\\/\"},\"sameAs\":[\"https:\\\/\\\/www.facebook.com\\\/BodegaFamiliaSchroeder\\\/\",\"https:\\\/\\\/www.instagram.com\\\/schroederwines\\\/\",\"https:\\\/\\\/www.tripadvisor.com.ar\\\/Restaurant_Review-g3750325-d2314259-Reviews-Saurus_Restaurant-San_Patricio_del_Chanar_Province_of_Neuquen_Patagonia.html\",\"https:\\\/\\\/www.youtube.com\\\/channel\\\/UCThjlHwf8529C5Bg-nVy1Lg\"]}]}<\/script>\n<!-- \/ Yoast SEO plugin. -->","yoast_head_json":{"title":"Contacto | Familia Schroeder","description":"Somos Bodega Familia Schroeder, estamos para ayudarte, no dejes de contactarnos.","robots":{"index":"index","follow":"follow","max-snippet":"max-snippet:-1","max-image-preview":"max-image-preview:large","max-video-preview":"max-video-preview:-1"},"canonical":"https:\/\/familiaschroeder.com\/arg\/contacto\/","og_locale":"es_ES","og_type":"article","og_title":"Contacto | Familia Schroeder","og_description":"Somos Bodega Familia Schroeder, estamos para ayudarte, no dejes de contactarnos.","og_url":"https:\/\/familiaschroeder.com\/arg\/contacto\/","og_site_name":"Familia Schroeder","article_publisher":"https:\/\/www.facebook.com\/BodegaFamiliaSchroeder\/","article_modified_time":"2025-12-01T16:52:56+00:00","twitter_card":"summary_large_image","twitter_misc":{"Tiempo de lectura":"1 minuto"},"schema":{"@context":"https:\/\/schema.org","@graph":[{"@type":"WebPage","@id":"https:\/\/familiaschroeder.com\/arg\/contacto\/","url":"https:\/\/familiaschroeder.com\/arg\/contacto\/","name":"Contacto | Familia Schroeder","isPartOf":{"@id":"https:\/\/familiaschroeder.com\/arg\/#website"},"datePublished":"2020-03-17T19:09:39+00:00","dateModified":"2025-12-01T16:52:56+00:00","description":"Somos Bodega Familia Schroeder, estamos para ayudarte, no dejes de contactarnos.","breadcrumb":{"@id":"https:\/\/familiaschroeder.com\/arg\/contacto\/#breadcrumb"},"inLanguage":"es-AR","potentialAction":[{"@type":"ReadAction","target":["https:\/\/familiaschroeder.com\/arg\/contacto\/"]}]},{"@type":"BreadcrumbList","@id":"https:\/\/familiaschroeder.com\/arg\/contacto\/#breadcrumb","itemListElement":[{"@type":"ListItem","position":1,"name":"Portada","item":"https:\/\/familiaschroeder.com\/arg\/"},{"@type":"ListItem","position":2,"name":"Contacto"}]},{"@type":"WebSite","@id":"https:\/\/familiaschroeder.com\/arg\/#website","url":"https:\/\/familiaschroeder.com\/arg\/","name":"Bodega Familia Schroeder","description":"Nuestra Bodega est\u00e1 ubicada en la Patagonia, donde se cultivan vides de la m\u00e1s alta calidad enol\u00f3gica.","publisher":{"@id":"https:\/\/familiaschroeder.com\/arg\/#organization"},"alternateName":"Familia Schroeder","potentialAction":[{"@type":"SearchAction","target":{"@type":"EntryPoint","urlTemplate":"https:\/\/familiaschroeder.com\/arg\/?s={search_term_string}"},"query-input":{"@type":"PropertyValueSpecification","valueRequired":true,"valueName":"search_term_string"}}],"inLanguage":"es-AR"},{"@type":"Organization","@id":"https:\/\/familiaschroeder.com\/arg\/#organization","name":"Bodega Familia Schroeder","url":"https:\/\/familiaschroeder.com\/arg\/","logo":{"@type":"ImageObject","inLanguage":"es-AR","@id":"https:\/\/familiaschroeder.com\/arg\/#\/schema\/logo\/image\/","url":"https:\/\/familiaschroeder.com\/arg\/wp-content\/uploads\/2020\/03\/logodarks.png","contentUrl":"https:\/\/familiaschroeder.com\/arg\/wp-content\/uploads\/2020\/03\/logodarks.png","width":203,"height":61,"caption":"Bodega Familia Schroeder"},"image":{"@id":"https:\/\/familiaschroeder.com\/arg\/#\/schema\/logo\/image\/"},"sameAs":["https:\/\/www.facebook.com\/BodegaFamiliaSchroeder\/","https:\/\/www.instagram.com\/schroederwines\/","https:\/\/www.tripadvisor.com.ar\/Restaurant_Review-g3750325-d2314259-Reviews-Saurus_Restaurant-San_Patricio_del_Chanar_Province_of_Neuquen_Patagonia.html","https:\/\/www.youtube.com\/channel\/UCThjlHwf8529C5Bg-nVy1Lg"]}]}},"_links":{"self":[{"href":"https:\/\/familiaschroeder.com\/arg\/wp-json\/wp\/v2\/pages\/642","targetHints":{"allow":["GET"]}}],"collection":[{"href":"https:\/\/familiaschroeder.com\/arg\/wp-json\/wp\/v2\/pages"}],"about":[{"href":"https:\/\/familiaschroeder.com\/arg\/wp-json\/wp\/v2\/types\/page"}],"author":[{"embeddable":true,"href":"https:\/\/familiaschroeder.com\/arg\/wp-json\/wp\/v2\/users\/1"}],"replies":[{"embeddable":true,"href":"https:\/\/familiaschroeder.com\/arg\/wp-json\/wp\/v2\/comments?post=642"}],"version-history":[{"count":17,"href":"https:\/\/familiaschroeder.com\/arg\/wp-json\/wp\/v2\/pages\/642\/revisions"}],"predecessor-version":[{"id":5427,"href":"https:\/\/familiaschroeder.com\/arg\/wp-json\/wp\/v2\/pages\/642\/revisions\/5427"}],"wp:attachment":[{"href":"https:\/\/familiaschroeder.com\/arg\/wp-json\/wp\/v2\/media?parent=642"}],"curies":[{"name":"wp","href":"https:\/\/api.w.org\/{rel}","templated":true}]}}