{"id":4556,"date":"2024-06-05T10:03:49","date_gmt":"2024-06-05T13:03:49","guid":{"rendered":"https:\/\/familiaschroeder.com\/arg\/?page_id=4556"},"modified":"2024-06-05T10:31:58","modified_gmt":"2024-06-05T13:31:58","slug":"tragos","status":"publish","type":"page","link":"https:\/\/familiaschroeder.com\/arg\/tragos\/","title":{"rendered":"Tragos"},"content":{"rendered":"<div class=\"wpb-content-wrapper\"><p>[vc_row css=&#8221;.vc_custom_1706019714490{margin-top: 50px !important;margin-bottom: 0px !important;padding-bottom: 0px !important;}&#8221;][vc_column align=&#8221;text-center&#8221; offset=&#8221;vc_col-md-offset-2 vc_col-md-8&#8243; css=&#8221;.vc_custom_1545670816022{padding-right: 7% !important;padding-left: 7% !important;}&#8221;]<style>.ld_fancy_heading_69e9fd921854a h2 {margin-bottom:0px !important;  } @media (min-width: 1200px) { .ld_fancy_heading_69e9fd921854a h2 {margin-bottom:0px !important;  }  } .ld_fancy_heading_69e9fd921854a .lqd-highlight-inner{height:0.275em;bottom:0px;}.ld_fancy_heading_69e9fd921854a h2 {margin-bottom:0px !important;  } @media (min-width: 1200px) { .ld_fancy_heading_69e9fd921854a h2 {margin-bottom:0px !important;  }  } <\/style><div class=\"ld-fancy-heading ld_fancy_heading_69e9fd921854a\">\n\t<h2 class=\"lqd-highlight-underline lqd-highlight-grow-left\" ><span class=\"ld-fh-txt\"> <\/p>\n<p style=\"text-align: center\">Tragos<\/p>\n<p><\/span><\/h2><\/div>[vc_column_text]<\/p>\n<p style=\"text-align: center;\"><em><strong><span style=\"font-family: 'Libre Baskerville';\">Tragos de excelencia<\/span><\/strong><\/em><br \/>\n\u00bfCu\u00e1l te gustar\u00eda preparar?<\/p>\n<p>[\/vc_column_text]<style>.ld_spacer_69e9fd921896f{height:60px;}<\/style>\n<div class=\"ld-empty-space ld_spacer_69e9fd921896f\"><span class=\"liquid_empty_space_inner\"><\/span><\/div>[\/vc_column][\/vc_row][vc_row][vc_column]<style>.ld_section_title_69e9fd9218b20 h4{color:rgb(0, 0, 0);}<\/style><header class=\"fancy-title text-center ld_section_title_69e9fd9218b20 vc_custom_1717592693362\">\n\t<h2>DESEADOS<\/h2>\t<h4 class=\"\">Tragos perfectos para nuestros Deseados<\/h4>\t<\/header>[\/vc_column][\/vc_row][vc_row][vc_column][vc_tta_tour][vc_tta_section title=&#8221;Deseado Spritz&#8221; tab_id=&#8221;deseado-spritz&#8221;][vc_row_inner][vc_column_inner width=&#8221;1\/4&#8243; align=&#8221;text-center&#8221;]<style>.ld_button_69e9fd9218d65 .btn-icon{color:rgb(191, 162, 102);font-size:18px;margin-bottom:10px !important;}<\/style><a href=\"\/arg\/wp-content\/uploads\/pdfs\/Trago-Deseado-Spritz.pdf\" title=\"Deseado Spritz\" class=\"btn btn-split fresco ld_button_69e9fd9218d65 vc_custom_1717594227331\">\n\t<span>\n\t<span class=\"btn-split-bg\"><\/span>\t\n\t\t\t\t\t<span class=\"btn-txt\">Descargar Trago<\/span>\n\t\t\t\n\t<span class=\"btn-icon\"><i class=\"icon-et-download\"><\/i><\/span>\t\t\t<\/span>\n<\/a>\n[vc_separator css=&#8221;.vc_custom_1707160573403{margin-top: 25px !important;margin-bottom: 25px !important;}&#8221;]<style>.ld_icon_box_69e9fd9219713 .iconbox-icon-container{color:rgb(191, 162, 102);font-size:22px;margin-bottom:2px !important;border-radius:px;}.ld_icon_box_69e9fd9219713 h3{margin-bottom:px;}<\/style>\n<div class=\"iconbox iconbox-heading-sm ld_icon_box_69e9fd9219713 vc_custom_1717593531205\" id=\"ld_icon_box_69e9fd9219713\"  data-plugin-options='{\"color\":\"rgb(191, 162, 102)\"}'  >\n\t\n\t\t<div class=\"iconbox-icon-wrap\"><span class=\"iconbox-icon-container\"><i class=\"icon-md-wine\"><\/i><\/span><\/div><!-- \/.iconbox-icon-wrap -->\t\n\t\t\n\t<div class=\"contents\">\t\n\t\t<p>Ficha T\u00e9cnica<br \/>\n<strong>Deseado<\/strong><\/p>\n\t\t\n\t<\/div>\t\n\t<a href=\"https:\/\/familiaschroeder.com\/arg\/espumantes\/#deseado\" class=\"liquid-overlay-link z-index-2\"><\/a>\n<\/div>\n[\/vc_column_inner][vc_column_inner width=&#8221;3\/4&#8243;][vc_single_image image=&#8221;4557&#8243; img_size=&#8221;full&#8221; alignment=&#8221;center&#8221;][\/vc_column_inner][\/vc_row_inner][\/vc_tta_section][\/vc_tta_tour][\/vc_column][\/vc_row]<\/p>\n<\/div>","protected":false},"excerpt":{"rendered":"<p>[vc_row css=&#8221;.vc_custom_1706019714490{margin-top: 50px !important;margin-bottom: 0px !important;padding-bottom: 0px !important;}&#8221;][vc_column align=&#8221;text-center&#8221; offset=&#8221;vc_col-md-offset-2 vc_col-md-8&#8243; css=&#8221;.vc_custom_1545670816022{padding-right: 7% !important;padding-left: 7%&#8230;<\/p>\n","protected":false},"author":1,"featured_media":0,"parent":0,"menu_order":0,"comment_status":"closed","ping_status":"closed","template":"","meta":{"_acf_changed":false,"_monsterinsights_skip_tracking":false,"_monsterinsights_sitenote_active":false,"_monsterinsights_sitenote_note":"","_monsterinsights_sitenote_category":0,"footnotes":""},"class_list":["post-4556","page","type-page","status-publish","hentry"],"acf":[],"yoast_head":"<!-- This site is optimized with the Yoast SEO plugin v27.4 - https:\/\/yoast.com\/product\/yoast-seo-wordpress\/ -->\n<title>Tragos | Familia Schroeder<\/title>\n<meta name=\"description\" content=\"Encontr\u00e1 el maridaje perfecto para acompa\u00f1ar al vino que m\u00e1s te gusta. Te dejamos recetas que vayan acorde al vino que quer\u00e9s disfrutar.\" \/>\n<meta name=\"robots\" content=\"index, follow, max-snippet:-1, max-image-preview:large, max-video-preview:-1\" \/>\n<link rel=\"canonical\" href=\"https:\/\/familiaschroeder.com\/arg\/tragos\/\" \/>\n<meta property=\"og:locale\" content=\"es_ES\" \/>\n<meta property=\"og:type\" content=\"article\" \/>\n<meta property=\"og:title\" content=\"Tragos | Familia Schroeder\" \/>\n<meta property=\"og:description\" content=\"Encontr\u00e1 el maridaje perfecto para acompa\u00f1ar al vino que m\u00e1s te gusta. Te dejamos recetas que vayan acorde al vino que quer\u00e9s disfrutar.\" \/>\n<meta property=\"og:url\" content=\"https:\/\/familiaschroeder.com\/arg\/tragos\/\" \/>\n<meta property=\"og:site_name\" content=\"Familia Schroeder\" \/>\n<meta property=\"article:publisher\" content=\"https:\/\/www.facebook.com\/BodegaFamiliaSchroeder\/\" \/>\n<meta property=\"article:modified_time\" content=\"2024-06-05T13:31:58+00:00\" \/>\n<meta name=\"twitter:card\" content=\"summary_large_image\" \/>\n<meta name=\"twitter:label1\" content=\"Tiempo de lectura\" \/>\n\t<meta name=\"twitter:data1\" content=\"1 minuto\" \/>\n<script type=\"application\/ld+json\" class=\"yoast-schema-graph\">{\"@context\":\"https:\\\/\\\/schema.org\",\"@graph\":[{\"@type\":\"WebPage\",\"@id\":\"https:\\\/\\\/familiaschroeder.com\\\/arg\\\/tragos\\\/\",\"url\":\"https:\\\/\\\/familiaschroeder.com\\\/arg\\\/tragos\\\/\",\"name\":\"Tragos | Familia Schroeder\",\"isPartOf\":{\"@id\":\"https:\\\/\\\/familiaschroeder.com\\\/arg\\\/#website\"},\"datePublished\":\"2024-06-05T13:03:49+00:00\",\"dateModified\":\"2024-06-05T13:31:58+00:00\",\"description\":\"Encontr\u00e1 el maridaje perfecto para acompa\u00f1ar al vino que m\u00e1s te gusta. Te dejamos recetas que vayan acorde al vino que quer\u00e9s disfrutar.\",\"breadcrumb\":{\"@id\":\"https:\\\/\\\/familiaschroeder.com\\\/arg\\\/tragos\\\/#breadcrumb\"},\"inLanguage\":\"es-AR\",\"potentialAction\":[{\"@type\":\"ReadAction\",\"target\":[\"https:\\\/\\\/familiaschroeder.com\\\/arg\\\/tragos\\\/\"]}]},{\"@type\":\"BreadcrumbList\",\"@id\":\"https:\\\/\\\/familiaschroeder.com\\\/arg\\\/tragos\\\/#breadcrumb\",\"itemListElement\":[{\"@type\":\"ListItem\",\"position\":1,\"name\":\"Portada\",\"item\":\"https:\\\/\\\/familiaschroeder.com\\\/arg\\\/\"},{\"@type\":\"ListItem\",\"position\":2,\"name\":\"Tragos\"}]},{\"@type\":\"WebSite\",\"@id\":\"https:\\\/\\\/familiaschroeder.com\\\/arg\\\/#website\",\"url\":\"https:\\\/\\\/familiaschroeder.com\\\/arg\\\/\",\"name\":\"Bodega Familia Schroeder\",\"description\":\"Nuestra Bodega est\u00e1 ubicada en la Patagonia, donde se cultivan vides de la m\u00e1s alta calidad enol\u00f3gica.\",\"publisher\":{\"@id\":\"https:\\\/\\\/familiaschroeder.com\\\/arg\\\/#organization\"},\"alternateName\":\"Familia Schroeder\",\"potentialAction\":[{\"@type\":\"SearchAction\",\"target\":{\"@type\":\"EntryPoint\",\"urlTemplate\":\"https:\\\/\\\/familiaschroeder.com\\\/arg\\\/?s={search_term_string}\"},\"query-input\":{\"@type\":\"PropertyValueSpecification\",\"valueRequired\":true,\"valueName\":\"search_term_string\"}}],\"inLanguage\":\"es-AR\"},{\"@type\":\"Organization\",\"@id\":\"https:\\\/\\\/familiaschroeder.com\\\/arg\\\/#organization\",\"name\":\"Bodega Familia Schroeder\",\"url\":\"https:\\\/\\\/familiaschroeder.com\\\/arg\\\/\",\"logo\":{\"@type\":\"ImageObject\",\"inLanguage\":\"es-AR\",\"@id\":\"https:\\\/\\\/familiaschroeder.com\\\/arg\\\/#\\\/schema\\\/logo\\\/image\\\/\",\"url\":\"https:\\\/\\\/familiaschroeder.com\\\/arg\\\/wp-content\\\/uploads\\\/2020\\\/03\\\/logodarks.png\",\"contentUrl\":\"https:\\\/\\\/familiaschroeder.com\\\/arg\\\/wp-content\\\/uploads\\\/2020\\\/03\\\/logodarks.png\",\"width\":203,\"height\":61,\"caption\":\"Bodega Familia Schroeder\"},\"image\":{\"@id\":\"https:\\\/\\\/familiaschroeder.com\\\/arg\\\/#\\\/schema\\\/logo\\\/image\\\/\"},\"sameAs\":[\"https:\\\/\\\/www.facebook.com\\\/BodegaFamiliaSchroeder\\\/\",\"https:\\\/\\\/www.instagram.com\\\/schroederwines\\\/\",\"https:\\\/\\\/www.tripadvisor.com.ar\\\/Restaurant_Review-g3750325-d2314259-Reviews-Saurus_Restaurant-San_Patricio_del_Chanar_Province_of_Neuquen_Patagonia.html\",\"https:\\\/\\\/www.youtube.com\\\/channel\\\/UCThjlHwf8529C5Bg-nVy1Lg\"]}]}<\/script>\n<!-- \/ Yoast SEO plugin. -->","yoast_head_json":{"title":"Tragos | Familia Schroeder","description":"Encontr\u00e1 el maridaje perfecto para acompa\u00f1ar al vino que m\u00e1s te gusta. Te dejamos recetas que vayan acorde al vino que quer\u00e9s disfrutar.","robots":{"index":"index","follow":"follow","max-snippet":"max-snippet:-1","max-image-preview":"max-image-preview:large","max-video-preview":"max-video-preview:-1"},"canonical":"https:\/\/familiaschroeder.com\/arg\/tragos\/","og_locale":"es_ES","og_type":"article","og_title":"Tragos | Familia Schroeder","og_description":"Encontr\u00e1 el maridaje perfecto para acompa\u00f1ar al vino que m\u00e1s te gusta. Te dejamos recetas que vayan acorde al vino que quer\u00e9s disfrutar.","og_url":"https:\/\/familiaschroeder.com\/arg\/tragos\/","og_site_name":"Familia Schroeder","article_publisher":"https:\/\/www.facebook.com\/BodegaFamiliaSchroeder\/","article_modified_time":"2024-06-05T13:31:58+00:00","twitter_card":"summary_large_image","twitter_misc":{"Tiempo de lectura":"1 minuto"},"schema":{"@context":"https:\/\/schema.org","@graph":[{"@type":"WebPage","@id":"https:\/\/familiaschroeder.com\/arg\/tragos\/","url":"https:\/\/familiaschroeder.com\/arg\/tragos\/","name":"Tragos | Familia Schroeder","isPartOf":{"@id":"https:\/\/familiaschroeder.com\/arg\/#website"},"datePublished":"2024-06-05T13:03:49+00:00","dateModified":"2024-06-05T13:31:58+00:00","description":"Encontr\u00e1 el maridaje perfecto para acompa\u00f1ar al vino que m\u00e1s te gusta. Te dejamos recetas que vayan acorde al vino que quer\u00e9s disfrutar.","breadcrumb":{"@id":"https:\/\/familiaschroeder.com\/arg\/tragos\/#breadcrumb"},"inLanguage":"es-AR","potentialAction":[{"@type":"ReadAction","target":["https:\/\/familiaschroeder.com\/arg\/tragos\/"]}]},{"@type":"BreadcrumbList","@id":"https:\/\/familiaschroeder.com\/arg\/tragos\/#breadcrumb","itemListElement":[{"@type":"ListItem","position":1,"name":"Portada","item":"https:\/\/familiaschroeder.com\/arg\/"},{"@type":"ListItem","position":2,"name":"Tragos"}]},{"@type":"WebSite","@id":"https:\/\/familiaschroeder.com\/arg\/#website","url":"https:\/\/familiaschroeder.com\/arg\/","name":"Bodega Familia Schroeder","description":"Nuestra Bodega est\u00e1 ubicada en la Patagonia, donde se cultivan vides de la m\u00e1s alta calidad enol\u00f3gica.","publisher":{"@id":"https:\/\/familiaschroeder.com\/arg\/#organization"},"alternateName":"Familia Schroeder","potentialAction":[{"@type":"SearchAction","target":{"@type":"EntryPoint","urlTemplate":"https:\/\/familiaschroeder.com\/arg\/?s={search_term_string}"},"query-input":{"@type":"PropertyValueSpecification","valueRequired":true,"valueName":"search_term_string"}}],"inLanguage":"es-AR"},{"@type":"Organization","@id":"https:\/\/familiaschroeder.com\/arg\/#organization","name":"Bodega Familia Schroeder","url":"https:\/\/familiaschroeder.com\/arg\/","logo":{"@type":"ImageObject","inLanguage":"es-AR","@id":"https:\/\/familiaschroeder.com\/arg\/#\/schema\/logo\/image\/","url":"https:\/\/familiaschroeder.com\/arg\/wp-content\/uploads\/2020\/03\/logodarks.png","contentUrl":"https:\/\/familiaschroeder.com\/arg\/wp-content\/uploads\/2020\/03\/logodarks.png","width":203,"height":61,"caption":"Bodega Familia Schroeder"},"image":{"@id":"https:\/\/familiaschroeder.com\/arg\/#\/schema\/logo\/image\/"},"sameAs":["https:\/\/www.facebook.com\/BodegaFamiliaSchroeder\/","https:\/\/www.instagram.com\/schroederwines\/","https:\/\/www.tripadvisor.com.ar\/Restaurant_Review-g3750325-d2314259-Reviews-Saurus_Restaurant-San_Patricio_del_Chanar_Province_of_Neuquen_Patagonia.html","https:\/\/www.youtube.com\/channel\/UCThjlHwf8529C5Bg-nVy1Lg"]}]}},"_links":{"self":[{"href":"https:\/\/familiaschroeder.com\/arg\/wp-json\/wp\/v2\/pages\/4556","targetHints":{"allow":["GET"]}}],"collection":[{"href":"https:\/\/familiaschroeder.com\/arg\/wp-json\/wp\/v2\/pages"}],"about":[{"href":"https:\/\/familiaschroeder.com\/arg\/wp-json\/wp\/v2\/types\/page"}],"author":[{"embeddable":true,"href":"https:\/\/familiaschroeder.com\/arg\/wp-json\/wp\/v2\/users\/1"}],"replies":[{"embeddable":true,"href":"https:\/\/familiaschroeder.com\/arg\/wp-json\/wp\/v2\/comments?post=4556"}],"version-history":[{"count":10,"href":"https:\/\/familiaschroeder.com\/arg\/wp-json\/wp\/v2\/pages\/4556\/revisions"}],"predecessor-version":[{"id":4568,"href":"https:\/\/familiaschroeder.com\/arg\/wp-json\/wp\/v2\/pages\/4556\/revisions\/4568"}],"wp:attachment":[{"href":"https:\/\/familiaschroeder.com\/arg\/wp-json\/wp\/v2\/media?parent=4556"}],"curies":[{"name":"wp","href":"https:\/\/api.w.org\/{rel}","templated":true}]}}