{"id":4544,"date":"2024-06-03T11:57:30","date_gmt":"2024-06-03T14:57:30","guid":{"rendered":"https:\/\/familiaschroeder.com\/arg\/?page_id=4544"},"modified":"2024-06-03T11:57:30","modified_gmt":"2024-06-03T14:57:30","slug":"noticias","status":"publish","type":"page","link":"https:\/\/familiaschroeder.com\/arg\/noticias\/","title":{"rendered":"Noticias"},"content":{"rendered":"<div class=\"wpb-content-wrapper\"><p>[vc_row css=&#8221;.vc_custom_1706020455166{margin-bottom: 20px !important;padding-bottom: 0px !important;}&#8221; responsive_css=&#8221;margin_top_medium:50px&#8221;][vc_column align=&#8221;text-center&#8221; offset=&#8221;vc_col-md-offset-2 vc_col-md-8&#8243; css=&#8221;.vc_custom_1545670816022{padding-right: 7% !important;padding-left: 7% !important;}&#8221;]<style>.ld_spacer_69e9fa016f9e7{height:20px;}<\/style>\n<div class=\"ld-empty-space ld_spacer_69e9fa016f9e7\"><span class=\"liquid_empty_space_inner\"><\/span><\/div><style>.ld_fancy_heading_69e9fa016fc1a .lqd-highlight-inner{height:0.275em;bottom:0px;}<\/style><div class=\"ld-fancy-heading ld_fancy_heading_69e9fa016fc1a\">\n\t<h2 class=\"lqd-highlight-underline lqd-highlight-grow-left\" ><span class=\"ld-fh-txt\"> <\/p>\n<p style=\"text-align: center\">NOTICIAS<\/p>\n<p><\/span><\/h2><\/div>[vc_column_text]<\/p>\n<p style=\"text-align: center;\">Noticias directas desde nuestra Bodega.<\/p>\n<p>[\/vc_column_text][\/vc_column][\/vc_row][vc_row][vc_column]<style>.ld_blog_69e9fa017002b .liquid-blog-grid{margin-left:-15px;margin-right:-15px;}.ld_blog_69e9fa017002b .liquid-blog-grid > div{padding-left:15px;padding-right:15px;}.ld_blog_69e9fa017002b .liquid-blog-grid .liquid-lp{margin-bottom:30px;}.ld_blog_69e9fa017002b .filter-list{margin-bottom:px;}.ld_blog_69e9fa017002b .liquid-blog-item .liquid-lp-title,.ld_blog_69e9fa017002b .liquid-lp .liquid-lp-title{margin-top:px;margin-bottom:px;}<\/style><div data-filter-id=\"1707488597365-599415b8-9602\" class=\"liquid-blog-posts ld_blog_69e9fa017002b 1707488597365-feff4b3e-27b6 \" data-post-per-page=\"10\"><div class=\"liquid-blog-grid row\"><div class=\"col-md-4\"><article id=\"post-3179\" class=\"liquid-lp post-3179 post type-post status-publish format-standard has-post-thumbnail hentry category-blog category-noticias\"><figure class=\"liquid-lp-media \"  data-responsive-bg=\"true\" data-parallax=\"true\" data-parallax-options='{ \"parallaxBG\": true }'><a  href=\"https:\/\/familiaschroeder.com\/arg\/degustaciones_in_company\/\"><img decoding=\"async\" width=\"377\" height=\"220\" src=\"data:image\/svg+xml;charset=utf-8,&lt;svg xmlns%3D&#039;http%3A%2F%2Fwww.w3.org%2F2000%2Fsvg&#039; viewBox%3D&#039;0 0 377 220&#039;%2F&gt;\" class=\"attachment-liquid-standard-blog size-liquid-standard-blog ld-lazyload wp-post-image\" alt=\"\" srcset=\"\" sizes=\"(max-width: 377px) 100vw, 377px\" data-src=\"https:\/\/familiaschroeder.com\/arg\/wp-content\/uploads\/2023\/02\/Degustacion-Company-BFS_A41.jpg\" data-srcset=\"https:\/\/familiaschroeder.com\/arg\/wp-content\/uploads\/2023\/02\/Degustacion-Company-BFS_A41.jpg 377w, https:\/\/familiaschroeder.com\/arg\/wp-content\/uploads\/2023\/02\/Degustacion-Company-BFS_A41-300x175.jpg 300w\" data-aspect=\"1.7136363636364\" \/><\/a><\/figure><header class=\"liquid-lp-header\">\n\t<span><span class=\"screen-reader-text\">Tags <\/span><ul class=\"liquid-lp-category \"><li><a href=\"https:\/\/familiaschroeder.com\/arg\/category\/blog\/\" rel=\"category\">Blog<\/a><\/li><\/ul><\/span>\t<h2 class=\"entry-title liquid-lp-title h5 text-uppercase font-weight-bold\"><a  href=\"https:\/\/familiaschroeder.com\/arg\/degustaciones_in_company\/\" rel=\"bookmark\">Degustaciones in company<\/a><\/h2>\t<time class=\"published updated liquid-lp-date font-style-italic\" datetime=\"2023-02-09T18:21:45-03:00\">9 febrero, 2023<\/time><\/header><\/article><\/div><div class=\"col-md-4\"><article id=\"post-3161\" class=\"liquid-lp post-3161 post type-post status-publish format-standard has-post-thumbnail hentry category-blog category-noticias\"><figure class=\"liquid-lp-media \"  data-responsive-bg=\"true\" data-parallax=\"true\" data-parallax-options='{ \"parallaxBG\": true }'><a  href=\"https:\/\/familiaschroeder.com\/arg\/lanzamiento_pehuen\/\"><img decoding=\"async\" width=\"740\" height=\"768\" src=\"data:image\/svg+xml;charset=utf-8,&lt;svg xmlns%3D&#039;http%3A%2F%2Fwww.w3.org%2F2000%2Fsvg&#039; viewBox%3D&#039;0 0 740 768&#039;%2F&gt;\" class=\"attachment-liquid-standard-blog size-liquid-standard-blog ld-lazyload wp-post-image\" alt=\"\" data-src=\"https:\/\/familiaschroeder.com\/arg\/wp-content\/uploads\/2022\/12\/Pehuen-740x768.jpg\" data-aspect=\"0.96354166666667\" srcset=\"\" \/><\/a><\/figure><header class=\"liquid-lp-header\">\n\t<span><span class=\"screen-reader-text\">Tags <\/span><ul class=\"liquid-lp-category \"><li><a href=\"https:\/\/familiaschroeder.com\/arg\/category\/blog\/\" rel=\"category\">Blog<\/a><\/li><\/ul><\/span>\t<h2 class=\"entry-title liquid-lp-title h5 text-uppercase font-weight-bold\"><a  href=\"https:\/\/familiaschroeder.com\/arg\/lanzamiento_pehuen\/\" rel=\"bookmark\">Lanzamiento Pehuen<\/a><\/h2>\t<time class=\"published updated liquid-lp-date font-style-italic\" datetime=\"2022-12-20T00:36:07-03:00\">20 diciembre, 2022<\/time><\/header><\/article><\/div><div class=\"col-md-4\"><article id=\"post-3151\" class=\"liquid-lp post-3151 post type-post status-publish format-standard has-post-thumbnail hentry category-blog category-noticias\"><figure class=\"liquid-lp-media \"  data-responsive-bg=\"true\" data-parallax=\"true\" data-parallax-options='{ \"parallaxBG\": true }'><a  href=\"https:\/\/familiaschroeder.com\/arg\/patagonia_5_sentidos\/\"><img decoding=\"async\" width=\"740\" height=\"768\" src=\"data:image\/svg+xml;charset=utf-8,&lt;svg xmlns%3D&#039;http%3A%2F%2Fwww.w3.org%2F2000%2Fsvg&#039; viewBox%3D&#039;0 0 740 768&#039;%2F&gt;\" class=\"attachment-liquid-standard-blog size-liquid-standard-blog ld-lazyload wp-post-image\" alt=\"\" data-src=\"https:\/\/familiaschroeder.com\/arg\/wp-content\/uploads\/2022\/10\/WhatsApp-Image-2022-09-15-at-6.12.21-PM-740x768.jpeg\" data-aspect=\"0.96354166666667\" srcset=\"\" \/><\/a><\/figure><header class=\"liquid-lp-header\">\n\t<span><span class=\"screen-reader-text\">Tags <\/span><ul class=\"liquid-lp-category \"><li><a href=\"https:\/\/familiaschroeder.com\/arg\/category\/blog\/\" rel=\"category\">Blog<\/a><\/li><\/ul><\/span>\t<h2 class=\"entry-title liquid-lp-title h5 text-uppercase font-weight-bold\"><a  href=\"https:\/\/familiaschroeder.com\/arg\/patagonia_5_sentidos\/\" rel=\"bookmark\">VIVIR LA PATAGONIA CON LOS 5 SENTIDOS<\/a><\/h2>\t<time class=\"published updated liquid-lp-date font-style-italic\" datetime=\"2022-10-03T14:22:13-03:00\">3 octubre, 2022<\/time><\/header><\/article><\/div><div class=\"col-md-4\"><article id=\"post-3144\" class=\"liquid-lp post-3144 post type-post status-publish format-standard has-post-thumbnail hentry category-blog category-noticias\"><figure class=\"liquid-lp-media \"  data-responsive-bg=\"true\" data-parallax=\"true\" data-parallax-options='{ \"parallaxBG\": true }'><a  href=\"https:\/\/familiaschroeder.com\/arg\/nuestra_gente_mariano_diletti\/\"><img decoding=\"async\" width=\"740\" height=\"800\" src=\"data:image\/svg+xml;charset=utf-8,&lt;svg xmlns%3D&#039;http%3A%2F%2Fwww.w3.org%2F2000%2Fsvg&#039; viewBox%3D&#039;0 0 740 800&#039;%2F&gt;\" class=\"attachment-liquid-standard-blog size-liquid-standard-blog ld-lazyload wp-post-image\" alt=\"\" data-src=\"https:\/\/familiaschroeder.com\/arg\/wp-content\/uploads\/2022\/10\/MINIATURA1-scaled-740x800.jpg\" data-aspect=\"0.925\" srcset=\"\" \/><\/a><\/figure><header class=\"liquid-lp-header\">\n\t<span><span class=\"screen-reader-text\">Tags <\/span><ul class=\"liquid-lp-category \"><li><a href=\"https:\/\/familiaschroeder.com\/arg\/category\/blog\/\" rel=\"category\">Blog<\/a><\/li><\/ul><\/span>\t<h2 class=\"entry-title liquid-lp-title h5 text-uppercase font-weight-bold\"><a  href=\"https:\/\/familiaschroeder.com\/arg\/nuestra_gente_mariano_diletti\/\" rel=\"bookmark\">NUESTRA GENTE<\/a><\/h2>\t<time class=\"published updated liquid-lp-date font-style-italic\" datetime=\"2022-10-03T14:16:20-03:00\">3 octubre, 2022<\/time><\/header><\/article><\/div><div class=\"col-md-4\"><article id=\"post-3137\" class=\"liquid-lp post-3137 post type-post status-publish format-standard has-post-thumbnail hentry category-blog category-noticias\"><figure class=\"liquid-lp-media \"  data-responsive-bg=\"true\" data-parallax=\"true\" data-parallax-options='{ \"parallaxBG\": true }'><a  href=\"https:\/\/familiaschroeder.com\/arg\/premios-unicos-para-vinos-unicos\/\"><img decoding=\"async\" width=\"740\" height=\"800\" src=\"data:image\/svg+xml;charset=utf-8,&lt;svg xmlns%3D&#039;http%3A%2F%2Fwww.w3.org%2F2000%2Fsvg&#039; viewBox%3D&#039;0 0 740 800&#039;%2F&gt;\" class=\"attachment-liquid-standard-blog size-liquid-standard-blog ld-lazyload wp-post-image\" alt=\"\" data-src=\"https:\/\/familiaschroeder.com\/arg\/wp-content\/uploads\/2022\/10\/Copia-de-Copia-de-Saurus-Select-Pinot-Noir-scaled-740x800.jpg\" data-aspect=\"0.925\" srcset=\"\" \/><\/a><\/figure><header class=\"liquid-lp-header\">\n\t<span><span class=\"screen-reader-text\">Tags <\/span><ul class=\"liquid-lp-category \"><li><a href=\"https:\/\/familiaschroeder.com\/arg\/category\/blog\/\" rel=\"category\">Blog<\/a><\/li><\/ul><\/span>\t<h2 class=\"entry-title liquid-lp-title h5 text-uppercase font-weight-bold\"><a  href=\"https:\/\/familiaschroeder.com\/arg\/premios-unicos-para-vinos-unicos\/\" rel=\"bookmark\">PREMIOS \u00daNICOS PARA VINOS \u00daNICOS<\/a><\/h2>\t<time class=\"published updated liquid-lp-date font-style-italic\" datetime=\"2022-10-03T14:10:41-03:00\">3 octubre, 2022<\/time><\/header><\/article><\/div><div class=\"col-md-4\"><article id=\"post-3130\" class=\"liquid-lp post-3130 post type-post status-publish format-standard has-post-thumbnail hentry category-blog category-noticias\"><figure class=\"liquid-lp-media \"  data-responsive-bg=\"true\" data-parallax=\"true\" data-parallax-options='{ \"parallaxBG\": true }'><a  href=\"https:\/\/familiaschroeder.com\/arg\/nuestra_bodega_hoy\/\"><img decoding=\"async\" width=\"740\" height=\"800\" src=\"data:image\/svg+xml;charset=utf-8,&lt;svg xmlns%3D&#039;http%3A%2F%2Fwww.w3.org%2F2000%2Fsvg&#039; viewBox%3D&#039;0 0 740 800&#039;%2F&gt;\" class=\"attachment-liquid-standard-blog size-liquid-standard-blog ld-lazyload wp-post-image\" alt=\"\" data-src=\"https:\/\/familiaschroeder.com\/arg\/wp-content\/uploads\/2022\/10\/Copia-de-_C4A4159-1-740x800.jpg\" data-aspect=\"0.925\" srcset=\"\" \/><\/a><\/figure><header class=\"liquid-lp-header\">\n\t<span><span class=\"screen-reader-text\">Tags <\/span><ul class=\"liquid-lp-category \"><li><a href=\"https:\/\/familiaschroeder.com\/arg\/category\/blog\/\" rel=\"category\">Blog<\/a><\/li><\/ul><\/span>\t<h2 class=\"entry-title liquid-lp-title h5 text-uppercase font-weight-bold\"><a  href=\"https:\/\/familiaschroeder.com\/arg\/nuestra_bodega_hoy\/\" rel=\"bookmark\">NUESTRA BODEGA HOY<\/a><\/h2>\t<time class=\"published updated liquid-lp-date font-style-italic\" datetime=\"2022-10-03T14:01:45-03:00\">3 octubre, 2022<\/time><\/header><\/article><\/div><div class=\"col-md-4\"><article id=\"post-3122\" class=\"liquid-lp post-3122 post type-post status-publish format-standard has-post-thumbnail hentry category-blog category-noticias\"><figure class=\"liquid-lp-media \"  data-responsive-bg=\"true\" data-parallax=\"true\" data-parallax-options='{ \"parallaxBG\": true }'><a  href=\"https:\/\/familiaschroeder.com\/arg\/una_historia_detras_de_un_vino-2\/\"><img decoding=\"async\" width=\"740\" height=\"800\" src=\"data:image\/svg+xml;charset=utf-8,&lt;svg xmlns%3D&#039;http%3A%2F%2Fwww.w3.org%2F2000%2Fsvg&#039; viewBox%3D&#039;0 0 740 800&#039;%2F&gt;\" class=\"attachment-liquid-standard-blog size-liquid-standard-blog ld-lazyload wp-post-image\" alt=\"\" data-src=\"https:\/\/familiaschroeder.com\/arg\/wp-content\/uploads\/2022\/10\/Portada1-scaled-740x800.jpg\" data-aspect=\"0.925\" srcset=\"\" \/><\/a><\/figure><header class=\"liquid-lp-header\">\n\t<span><span class=\"screen-reader-text\">Tags <\/span><ul class=\"liquid-lp-category \"><li><a href=\"https:\/\/familiaschroeder.com\/arg\/category\/blog\/\" rel=\"category\">Blog<\/a><\/li><\/ul><\/span>\t<h2 class=\"entry-title liquid-lp-title h5 text-uppercase font-weight-bold\"><a  href=\"https:\/\/familiaschroeder.com\/arg\/una_historia_detras_de_un_vino-2\/\" rel=\"bookmark\">UNA HISTORIA DETR\u00c1S DE UN VINO<\/a><\/h2>\t<time class=\"published updated liquid-lp-date font-style-italic\" datetime=\"2022-10-03T13:47:01-03:00\">3 octubre, 2022<\/time><\/header><\/article><\/div><div class=\"col-md-4\"><article id=\"post-3098\" class=\"liquid-lp post-3098 post type-post status-publish format-standard has-post-thumbnail hentry category-blog category-noticias\"><figure class=\"liquid-lp-media \"  data-responsive-bg=\"true\" data-parallax=\"true\" data-parallax-options='{ \"parallaxBG\": true }'><a  href=\"https:\/\/familiaschroeder.com\/arg\/actividades-septiembre-2022\/\"><img decoding=\"async\" width=\"736\" height=\"533\" src=\"data:image\/svg+xml;charset=utf-8,&lt;svg xmlns%3D&#039;http%3A%2F%2Fwww.w3.org%2F2000%2Fsvg&#039; viewBox%3D&#039;0 0 736 533&#039;%2F&gt;\" class=\"attachment-liquid-standard-blog size-liquid-standard-blog ld-lazyload wp-post-image\" alt=\"\" srcset=\"\" sizes=\"(max-width: 736px) 100vw, 736px\" data-src=\"https:\/\/familiaschroeder.com\/arg\/wp-content\/uploads\/2022\/09\/Portada_Schroeder.jpg\" data-srcset=\"https:\/\/familiaschroeder.com\/arg\/wp-content\/uploads\/2022\/09\/Portada_Schroeder.jpg 736w, https:\/\/familiaschroeder.com\/arg\/wp-content\/uploads\/2022\/09\/Portada_Schroeder-300x217.jpg 300w\" data-aspect=\"1.3808630393996\" \/><\/a><\/figure><header class=\"liquid-lp-header\">\n\t<span><span class=\"screen-reader-text\">Tags <\/span><ul class=\"liquid-lp-category \"><li><a href=\"https:\/\/familiaschroeder.com\/arg\/category\/blog\/\" rel=\"category\">Blog<\/a><\/li><\/ul><\/span>\t<h2 class=\"entry-title liquid-lp-title h5 text-uppercase font-weight-bold\"><a  href=\"https:\/\/familiaschroeder.com\/arg\/actividades-septiembre-2022\/\" rel=\"bookmark\">Actividades Septiembre 2022<\/a><\/h2>\t<time class=\"published updated liquid-lp-date font-style-italic\" datetime=\"2022-09-08T13:46:00-03:00\">8 septiembre, 2022<\/time><\/header><\/article><\/div><div class=\"col-md-4\"><article id=\"post-3090\" class=\"liquid-lp post-3090 post type-post status-publish format-standard has-post-thumbnail hentry category-blog category-noticias\"><figure class=\"liquid-lp-media \"  data-responsive-bg=\"true\" data-parallax=\"true\" data-parallax-options='{ \"parallaxBG\": true }'><a  href=\"https:\/\/familiaschroeder.com\/arg\/mes-del-pinot-noir\/\"><img decoding=\"async\" width=\"736\" height=\"533\" src=\"data:image\/svg+xml;charset=utf-8,&lt;svg xmlns%3D&#039;http%3A%2F%2Fwww.w3.org%2F2000%2Fsvg&#039; viewBox%3D&#039;0 0 736 533&#039;%2F&gt;\" class=\"attachment-liquid-standard-blog size-liquid-standard-blog ld-lazyload wp-post-image\" alt=\"\" srcset=\"\" sizes=\"(max-width: 736px) 100vw, 736px\" data-src=\"https:\/\/familiaschroeder.com\/arg\/wp-content\/uploads\/2022\/08\/portada2.jpg\" data-srcset=\"https:\/\/familiaschroeder.com\/arg\/wp-content\/uploads\/2022\/08\/portada2.jpg 736w, https:\/\/familiaschroeder.com\/arg\/wp-content\/uploads\/2022\/08\/portada2-300x217.jpg 300w\" data-aspect=\"1.3808630393996\" \/><\/a><\/figure><header class=\"liquid-lp-header\">\n\t<span><span class=\"screen-reader-text\">Tags <\/span><ul class=\"liquid-lp-category \"><li><a href=\"https:\/\/familiaschroeder.com\/arg\/category\/blog\/\" rel=\"category\">Blog<\/a><\/li><\/ul><\/span>\t<h2 class=\"entry-title liquid-lp-title h5 text-uppercase font-weight-bold\"><a  href=\"https:\/\/familiaschroeder.com\/arg\/mes-del-pinot-noir\/\" rel=\"bookmark\">El mes de agosto es del Pinot Noir. El mes de agosto es de Familia Schroeder<\/a><\/h2>\t<time class=\"published updated liquid-lp-date font-style-italic\" datetime=\"2022-08-17T09:54:08-03:00\">17 agosto, 2022<\/time><\/header><\/article><\/div><div class=\"col-md-4\"><article id=\"post-3040\" class=\"liquid-lp post-3040 post type-post status-publish format-standard has-post-thumbnail hentry category-blog category-noticias\"><figure class=\"liquid-lp-media \"  data-responsive-bg=\"true\" data-parallax=\"true\" data-parallax-options='{ \"parallaxBG\": true }'><a  href=\"https:\/\/familiaschroeder.com\/arg\/nuestra_bodega_hoy_poda\/\"><img decoding=\"async\" width=\"740\" height=\"800\" src=\"data:image\/svg+xml;charset=utf-8,&lt;svg xmlns%3D&#039;http%3A%2F%2Fwww.w3.org%2F2000%2Fsvg&#039; viewBox%3D&#039;0 0 740 800&#039;%2F&gt;\" class=\"attachment-liquid-standard-blog size-liquid-standard-blog ld-lazyload wp-post-image\" alt=\"\" data-src=\"https:\/\/familiaschroeder.com\/arg\/wp-content\/uploads\/2022\/07\/4-740x800.jpg\" data-aspect=\"0.925\" srcset=\"\" \/><\/a><\/figure><header class=\"liquid-lp-header\">\n\t<span><span class=\"screen-reader-text\">Tags <\/span><ul class=\"liquid-lp-category \"><li><a href=\"https:\/\/familiaschroeder.com\/arg\/category\/blog\/\" rel=\"category\">Blog<\/a><\/li><\/ul><\/span>\t<h2 class=\"entry-title liquid-lp-title h5 text-uppercase font-weight-bold\"><a  href=\"https:\/\/familiaschroeder.com\/arg\/nuestra_bodega_hoy_poda\/\" rel=\"bookmark\">Nuestra Bodega hoy<\/a><\/h2>\t<time class=\"published updated liquid-lp-date font-style-italic\" datetime=\"2022-07-15T15:32:44-03:00\">15 julio, 2022<\/time><\/header><\/article><\/div><\/div><!--\/ .row --><\/div><!--\/ .liquid-blog-posts -->[\/vc_column][\/vc_row]<\/p>\n<\/div>","protected":false},"excerpt":{"rendered":"<p>[vc_row css=&#8221;.vc_custom_1706020455166{margin-bottom: 20px !important;padding-bottom: 0px !important;}&#8221; responsive_css=&#8221;margin_top_medium:50px&#8221;][vc_column align=&#8221;text-center&#8221; offset=&#8221;vc_col-md-offset-2 vc_col-md-8&#8243; css=&#8221;.vc_custom_1545670816022{padding-right: 7% !important;padding-left: 7% !important;}&#8221;][vc_column_text]&#8230;<\/p>\n","protected":false},"author":1,"featured_media":0,"parent":0,"menu_order":0,"comment_status":"closed","ping_status":"closed","template":"","meta":{"_acf_changed":false,"_monsterinsights_skip_tracking":false,"_monsterinsights_sitenote_active":false,"_monsterinsights_sitenote_note":"","_monsterinsights_sitenote_category":0,"footnotes":""},"class_list":["post-4544","page","type-page","status-publish","hentry"],"acf":[],"yoast_head":"<!-- This site is optimized with the Yoast SEO plugin v27.4 - https:\/\/yoast.com\/product\/yoast-seo-wordpress\/ -->\n<title>Noticias | Familia Schroeder<\/title>\n<meta name=\"robots\" content=\"index, follow, max-snippet:-1, max-image-preview:large, max-video-preview:-1\" \/>\n<link rel=\"canonical\" href=\"https:\/\/familiaschroeder.com\/arg\/noticias\/\" \/>\n<meta property=\"og:locale\" content=\"es_ES\" \/>\n<meta property=\"og:type\" content=\"article\" \/>\n<meta property=\"og:title\" content=\"Noticias | Familia Schroeder\" \/>\n<meta property=\"og:description\" content=\"[vc_row css=&#8221;.vc_custom_1706020455166{margin-bottom: 20px !important;padding-bottom: 0px !important;}&#8221; responsive_css=&#8221;margin_top_medium:50px&#8221;][vc_column align=&#8221;text-center&#8221; offset=&#8221;vc_col-md-offset-2 vc_col-md-8&#8243; css=&#8221;.vc_custom_1545670816022{padding-right: 7% !important;padding-left: 7% !important;}&#8221;][vc_column_text]...\" \/>\n<meta property=\"og:url\" content=\"https:\/\/familiaschroeder.com\/arg\/noticias\/\" \/>\n<meta property=\"og:site_name\" content=\"Familia Schroeder\" \/>\n<meta property=\"article:publisher\" content=\"https:\/\/www.facebook.com\/BodegaFamiliaSchroeder\/\" \/>\n<meta name=\"twitter:card\" content=\"summary_large_image\" \/>\n<meta name=\"twitter:label1\" content=\"Tiempo de lectura\" \/>\n\t<meta name=\"twitter:data1\" content=\"1 minuto\" \/>\n<script type=\"application\/ld+json\" class=\"yoast-schema-graph\">{\"@context\":\"https:\\\/\\\/schema.org\",\"@graph\":[{\"@type\":\"WebPage\",\"@id\":\"https:\\\/\\\/familiaschroeder.com\\\/arg\\\/noticias\\\/\",\"url\":\"https:\\\/\\\/familiaschroeder.com\\\/arg\\\/noticias\\\/\",\"name\":\"Noticias | Familia Schroeder\",\"isPartOf\":{\"@id\":\"https:\\\/\\\/familiaschroeder.com\\\/arg\\\/#website\"},\"datePublished\":\"2024-06-03T14:57:30+00:00\",\"breadcrumb\":{\"@id\":\"https:\\\/\\\/familiaschroeder.com\\\/arg\\\/noticias\\\/#breadcrumb\"},\"inLanguage\":\"es-AR\",\"potentialAction\":[{\"@type\":\"ReadAction\",\"target\":[\"https:\\\/\\\/familiaschroeder.com\\\/arg\\\/noticias\\\/\"]}]},{\"@type\":\"BreadcrumbList\",\"@id\":\"https:\\\/\\\/familiaschroeder.com\\\/arg\\\/noticias\\\/#breadcrumb\",\"itemListElement\":[{\"@type\":\"ListItem\",\"position\":1,\"name\":\"Portada\",\"item\":\"https:\\\/\\\/familiaschroeder.com\\\/arg\\\/\"},{\"@type\":\"ListItem\",\"position\":2,\"name\":\"Noticias\"}]},{\"@type\":\"WebSite\",\"@id\":\"https:\\\/\\\/familiaschroeder.com\\\/arg\\\/#website\",\"url\":\"https:\\\/\\\/familiaschroeder.com\\\/arg\\\/\",\"name\":\"Bodega Familia Schroeder\",\"description\":\"Nuestra Bodega est\u00e1 ubicada en la Patagonia, donde se cultivan vides de la m\u00e1s alta calidad enol\u00f3gica.\",\"publisher\":{\"@id\":\"https:\\\/\\\/familiaschroeder.com\\\/arg\\\/#organization\"},\"alternateName\":\"Familia Schroeder\",\"potentialAction\":[{\"@type\":\"SearchAction\",\"target\":{\"@type\":\"EntryPoint\",\"urlTemplate\":\"https:\\\/\\\/familiaschroeder.com\\\/arg\\\/?s={search_term_string}\"},\"query-input\":{\"@type\":\"PropertyValueSpecification\",\"valueRequired\":true,\"valueName\":\"search_term_string\"}}],\"inLanguage\":\"es-AR\"},{\"@type\":\"Organization\",\"@id\":\"https:\\\/\\\/familiaschroeder.com\\\/arg\\\/#organization\",\"name\":\"Bodega Familia Schroeder\",\"url\":\"https:\\\/\\\/familiaschroeder.com\\\/arg\\\/\",\"logo\":{\"@type\":\"ImageObject\",\"inLanguage\":\"es-AR\",\"@id\":\"https:\\\/\\\/familiaschroeder.com\\\/arg\\\/#\\\/schema\\\/logo\\\/image\\\/\",\"url\":\"https:\\\/\\\/familiaschroeder.com\\\/arg\\\/wp-content\\\/uploads\\\/2020\\\/03\\\/logodarks.png\",\"contentUrl\":\"https:\\\/\\\/familiaschroeder.com\\\/arg\\\/wp-content\\\/uploads\\\/2020\\\/03\\\/logodarks.png\",\"width\":203,\"height\":61,\"caption\":\"Bodega Familia Schroeder\"},\"image\":{\"@id\":\"https:\\\/\\\/familiaschroeder.com\\\/arg\\\/#\\\/schema\\\/logo\\\/image\\\/\"},\"sameAs\":[\"https:\\\/\\\/www.facebook.com\\\/BodegaFamiliaSchroeder\\\/\",\"https:\\\/\\\/www.instagram.com\\\/schroederwines\\\/\",\"https:\\\/\\\/www.tripadvisor.com.ar\\\/Restaurant_Review-g3750325-d2314259-Reviews-Saurus_Restaurant-San_Patricio_del_Chanar_Province_of_Neuquen_Patagonia.html\",\"https:\\\/\\\/www.youtube.com\\\/channel\\\/UCThjlHwf8529C5Bg-nVy1Lg\"]}]}<\/script>\n<!-- \/ Yoast SEO plugin. -->","yoast_head_json":{"title":"Noticias | Familia Schroeder","robots":{"index":"index","follow":"follow","max-snippet":"max-snippet:-1","max-image-preview":"max-image-preview:large","max-video-preview":"max-video-preview:-1"},"canonical":"https:\/\/familiaschroeder.com\/arg\/noticias\/","og_locale":"es_ES","og_type":"article","og_title":"Noticias | Familia Schroeder","og_description":"[vc_row css=&#8221;.vc_custom_1706020455166{margin-bottom: 20px !important;padding-bottom: 0px !important;}&#8221; responsive_css=&#8221;margin_top_medium:50px&#8221;][vc_column align=&#8221;text-center&#8221; offset=&#8221;vc_col-md-offset-2 vc_col-md-8&#8243; css=&#8221;.vc_custom_1545670816022{padding-right: 7% !important;padding-left: 7% !important;}&#8221;][vc_column_text]...","og_url":"https:\/\/familiaschroeder.com\/arg\/noticias\/","og_site_name":"Familia Schroeder","article_publisher":"https:\/\/www.facebook.com\/BodegaFamiliaSchroeder\/","twitter_card":"summary_large_image","twitter_misc":{"Tiempo de lectura":"1 minuto"},"schema":{"@context":"https:\/\/schema.org","@graph":[{"@type":"WebPage","@id":"https:\/\/familiaschroeder.com\/arg\/noticias\/","url":"https:\/\/familiaschroeder.com\/arg\/noticias\/","name":"Noticias | Familia Schroeder","isPartOf":{"@id":"https:\/\/familiaschroeder.com\/arg\/#website"},"datePublished":"2024-06-03T14:57:30+00:00","breadcrumb":{"@id":"https:\/\/familiaschroeder.com\/arg\/noticias\/#breadcrumb"},"inLanguage":"es-AR","potentialAction":[{"@type":"ReadAction","target":["https:\/\/familiaschroeder.com\/arg\/noticias\/"]}]},{"@type":"BreadcrumbList","@id":"https:\/\/familiaschroeder.com\/arg\/noticias\/#breadcrumb","itemListElement":[{"@type":"ListItem","position":1,"name":"Portada","item":"https:\/\/familiaschroeder.com\/arg\/"},{"@type":"ListItem","position":2,"name":"Noticias"}]},{"@type":"WebSite","@id":"https:\/\/familiaschroeder.com\/arg\/#website","url":"https:\/\/familiaschroeder.com\/arg\/","name":"Bodega Familia Schroeder","description":"Nuestra Bodega est\u00e1 ubicada en la Patagonia, donde se cultivan vides de la m\u00e1s alta calidad enol\u00f3gica.","publisher":{"@id":"https:\/\/familiaschroeder.com\/arg\/#organization"},"alternateName":"Familia Schroeder","potentialAction":[{"@type":"SearchAction","target":{"@type":"EntryPoint","urlTemplate":"https:\/\/familiaschroeder.com\/arg\/?s={search_term_string}"},"query-input":{"@type":"PropertyValueSpecification","valueRequired":true,"valueName":"search_term_string"}}],"inLanguage":"es-AR"},{"@type":"Organization","@id":"https:\/\/familiaschroeder.com\/arg\/#organization","name":"Bodega Familia Schroeder","url":"https:\/\/familiaschroeder.com\/arg\/","logo":{"@type":"ImageObject","inLanguage":"es-AR","@id":"https:\/\/familiaschroeder.com\/arg\/#\/schema\/logo\/image\/","url":"https:\/\/familiaschroeder.com\/arg\/wp-content\/uploads\/2020\/03\/logodarks.png","contentUrl":"https:\/\/familiaschroeder.com\/arg\/wp-content\/uploads\/2020\/03\/logodarks.png","width":203,"height":61,"caption":"Bodega Familia Schroeder"},"image":{"@id":"https:\/\/familiaschroeder.com\/arg\/#\/schema\/logo\/image\/"},"sameAs":["https:\/\/www.facebook.com\/BodegaFamiliaSchroeder\/","https:\/\/www.instagram.com\/schroederwines\/","https:\/\/www.tripadvisor.com.ar\/Restaurant_Review-g3750325-d2314259-Reviews-Saurus_Restaurant-San_Patricio_del_Chanar_Province_of_Neuquen_Patagonia.html","https:\/\/www.youtube.com\/channel\/UCThjlHwf8529C5Bg-nVy1Lg"]}]}},"_links":{"self":[{"href":"https:\/\/familiaschroeder.com\/arg\/wp-json\/wp\/v2\/pages\/4544","targetHints":{"allow":["GET"]}}],"collection":[{"href":"https:\/\/familiaschroeder.com\/arg\/wp-json\/wp\/v2\/pages"}],"about":[{"href":"https:\/\/familiaschroeder.com\/arg\/wp-json\/wp\/v2\/types\/page"}],"author":[{"embeddable":true,"href":"https:\/\/familiaschroeder.com\/arg\/wp-json\/wp\/v2\/users\/1"}],"replies":[{"embeddable":true,"href":"https:\/\/familiaschroeder.com\/arg\/wp-json\/wp\/v2\/comments?post=4544"}],"version-history":[{"count":1,"href":"https:\/\/familiaschroeder.com\/arg\/wp-json\/wp\/v2\/pages\/4544\/revisions"}],"predecessor-version":[{"id":4545,"href":"https:\/\/familiaschroeder.com\/arg\/wp-json\/wp\/v2\/pages\/4544\/revisions\/4545"}],"wp:attachment":[{"href":"https:\/\/familiaschroeder.com\/arg\/wp-json\/wp\/v2\/media?parent=4544"}],"curies":[{"name":"wp","href":"https:\/\/api.w.org\/{rel}","templated":true}]}}