{"id":4237,"date":"2024-02-09T14:52:02","date_gmt":"2024-02-09T17:52:02","guid":{"rendered":"https:\/\/familiaschroeder.com\/arg\/?page_id=4237"},"modified":"2025-02-06T11:13:21","modified_gmt":"2025-02-06T14:13:21","slug":"eventos","status":"publish","type":"page","link":"https:\/\/familiaschroeder.com\/arg\/eventos\/","title":{"rendered":"Eventos"},"content":{"rendered":"<div class=\"wpb-content-wrapper\"><p>[vc_row css=&#8221;.vc_custom_1706020455166{margin-bottom: 20px !important;padding-bottom: 0px !important;}&#8221; responsive_css=&#8221;margin_top_medium:50px&#8221;][vc_column align=&#8221;text-center&#8221; offset=&#8221;vc_col-md-offset-2 vc_col-md-8&#8243; css=&#8221;.vc_custom_1545670816022{padding-right: 7% !important;padding-left: 7% !important;}&#8221;]<style>.ld_spacer_69d1bf467b52d{height:20px;}<\/style>\n<div class=\"ld-empty-space ld_spacer_69d1bf467b52d\"><span class=\"liquid_empty_space_inner\"><\/span><\/div><style>.ld_fancy_heading_69d1bf467b846 .lqd-highlight-inner{height:0.275em;bottom:0px;}<\/style><div class=\"ld-fancy-heading ld_fancy_heading_69d1bf467b846\">\n\t<h2 class=\"lqd-highlight-underline lqd-highlight-grow-left\" ><span class=\"ld-fh-txt\"> <\/p>\n<p style=\"text-align: center\">EVENTOS<\/p>\n<p><\/span><\/h2><\/div>[vc_column_text]<\/p>\n<p style=\"text-align: center;\">Conoc\u00e9 todas las actividades que ofrecemos.<\/p>\n<p>[\/vc_column_text][\/vc_column][\/vc_row][vc_row][vc_column]<style>.ld_blog_69d1bf467bd26 .liquid-blog-grid{margin-left:-15px;margin-right:-15px;}.ld_blog_69d1bf467bd26 .liquid-blog-grid > div{padding-left:15px;padding-right:15px;}.ld_blog_69d1bf467bd26 .liquid-blog-grid .liquid-lp{margin-bottom:30px;}.ld_blog_69d1bf467bd26 .filter-list{margin-bottom:px;}.ld_blog_69d1bf467bd26 .liquid-blog-item .liquid-lp-title,.ld_blog_69d1bf467bd26 .liquid-lp .liquid-lp-title{margin-top:px;margin-bottom:px;}<\/style><div data-filter-id=\"1707488597365-599415b8-9602\" class=\"liquid-blog-posts ld_blog_69d1bf467bd26 1707488597365-feff4b3e-27b6 \" data-post-per-page=\"10\"><div class=\"liquid-blog-grid row\"><div class=\"col-md-4\"><article id=\"post-5088\" class=\"liquid-lp post-5088 post type-post status-publish format-standard has-post-thumbnail hentry category-eventos\"><figure class=\"liquid-lp-media rounded\"  data-responsive-bg=\"true\" data-parallax=\"true\" data-parallax-options='{ \"parallaxBG\": true }'><a  href=\"https:\/\/familiaschroeder.com\/arg\/luna-llena-en-san-valentin\/\"><img decoding=\"async\" width=\"740\" height=\"500\" src=\"data:image\/svg+xml;charset=utf-8,&lt;svg xmlns%3D&#039;http%3A%2F%2Fwww.w3.org%2F2000%2Fsvg&#039; viewBox%3D&#039;0 0 740 500&#039;%2F&gt;\" class=\"attachment-liquid-rounded-blog size-liquid-rounded-blog ld-lazyload wp-post-image\" alt=\"LUNA-LLENA-Turismo-BFS\" data-src=\"https:\/\/familiaschroeder.com\/arg\/wp-content\/uploads\/2025\/02\/LUNA-LLENA-Turismo-BFS-FEBRERO-1080-740x500.jpg\" data-aspect=\"1.48\" srcset=\"\" \/><\/a><\/figure>\n<header class=\"liquid-lp-header\">\n\t\t<h2 class=\"entry-title liquid-lp-title h5\"><a  href=\"https:\/\/familiaschroeder.com\/arg\/luna-llena-en-san-valentin\/\" rel=\"bookmark\">Luna Llena en San Valent\u00edn<\/a><\/h2>\t<time class=\"liquid-lp-date font-style-italic size-lg\" datetime=\"2025-02-05T15:27:48-03:00\">1 a\u00f1o ago<\/time>\n<\/header><\/article><\/div><div class=\"col-md-4\"><article id=\"post-4276\" class=\"liquid-lp post-4276 post type-post status-publish format-standard has-post-thumbnail hentry category-eventos\"><figure class=\"liquid-lp-media rounded\"  data-responsive-bg=\"true\" data-parallax=\"true\" data-parallax-options='{ \"parallaxBG\": true }'><a  href=\"https:\/\/familiaschroeder.com\/arg\/vendimia-2024\/\"><img decoding=\"async\" width=\"740\" height=\"500\" src=\"data:image\/svg+xml;charset=utf-8,&lt;svg xmlns%3D&#039;http%3A%2F%2Fwww.w3.org%2F2000%2Fsvg&#039; viewBox%3D&#039;0 0 740 500&#039;%2F&gt;\" class=\"attachment-liquid-rounded-blog size-liquid-rounded-blog ld-lazyload wp-post-image\" alt=\"Vendimia 2024 Bodega Familia Schroeder\" data-src=\"https:\/\/familiaschroeder.com\/arg\/wp-content\/uploads\/2024\/03\/Vendimia-2024-1920x720-web-740x500.jpg\" data-aspect=\"1.48\" srcset=\"\" \/><\/a><\/figure>\n<header class=\"liquid-lp-header\">\n\t\t<h2 class=\"entry-title liquid-lp-title h5\"><a  href=\"https:\/\/familiaschroeder.com\/arg\/vendimia-2024\/\" rel=\"bookmark\">Vendimia 2024<\/a><\/h2>\t<time class=\"liquid-lp-date font-style-italic size-lg\" datetime=\"2024-03-03T20:06:41-03:00\">2 a\u00f1os ago<\/time>\n<\/header><\/article><\/div><\/div><!--\/ .row --><\/div><!--\/ .liquid-blog-posts -->[\/vc_column][\/vc_row]<\/p>\n<\/div>","protected":false},"excerpt":{"rendered":"<p>[vc_row css=&#8221;.vc_custom_1706020455166{margin-bottom: 20px !important;padding-bottom: 0px !important;}&#8221; responsive_css=&#8221;margin_top_medium:50px&#8221;][vc_column align=&#8221;text-center&#8221; offset=&#8221;vc_col-md-offset-2 vc_col-md-8&#8243; css=&#8221;.vc_custom_1545670816022{padding-right: 7% !important;padding-left: 7% !important;}&#8221;][vc_column_text]&#8230;<\/p>\n","protected":false},"author":1,"featured_media":0,"parent":0,"menu_order":0,"comment_status":"closed","ping_status":"closed","template":"","meta":{"_acf_changed":false,"_monsterinsights_skip_tracking":false,"_monsterinsights_sitenote_active":false,"_monsterinsights_sitenote_note":"","_monsterinsights_sitenote_category":0,"footnotes":""},"class_list":["post-4237","page","type-page","status-publish","hentry"],"acf":[],"yoast_head":"<!-- This site is optimized with the Yoast SEO plugin v27.3 - https:\/\/yoast.com\/product\/yoast-seo-wordpress\/ -->\n<title>Eventos | Familia Schroeder<\/title>\n<meta name=\"robots\" content=\"index, follow, max-snippet:-1, max-image-preview:large, max-video-preview:-1\" \/>\n<link rel=\"canonical\" href=\"https:\/\/familiaschroeder.com\/arg\/eventos\/\" \/>\n<meta property=\"og:locale\" content=\"es_ES\" \/>\n<meta property=\"og:type\" content=\"article\" \/>\n<meta property=\"og:title\" content=\"Eventos | Familia Schroeder\" \/>\n<meta property=\"og:description\" content=\"[vc_row css=&#8221;.vc_custom_1706020455166{margin-bottom: 20px !important;padding-bottom: 0px !important;}&#8221; responsive_css=&#8221;margin_top_medium:50px&#8221;][vc_column align=&#8221;text-center&#8221; offset=&#8221;vc_col-md-offset-2 vc_col-md-8&#8243; css=&#8221;.vc_custom_1545670816022{padding-right: 7% !important;padding-left: 7% !important;}&#8221;][vc_column_text]...\" \/>\n<meta property=\"og:url\" content=\"https:\/\/familiaschroeder.com\/arg\/eventos\/\" \/>\n<meta property=\"og:site_name\" content=\"Familia Schroeder\" \/>\n<meta property=\"article:publisher\" content=\"https:\/\/www.facebook.com\/BodegaFamiliaSchroeder\/\" \/>\n<meta property=\"article:modified_time\" content=\"2025-02-06T14:13:21+00:00\" \/>\n<meta name=\"twitter:card\" content=\"summary_large_image\" \/>\n<meta name=\"twitter:label1\" content=\"Tiempo de lectura\" \/>\n\t<meta name=\"twitter:data1\" content=\"1 minuto\" \/>\n<script type=\"application\/ld+json\" class=\"yoast-schema-graph\">{\"@context\":\"https:\\\/\\\/schema.org\",\"@graph\":[{\"@type\":\"WebPage\",\"@id\":\"https:\\\/\\\/familiaschroeder.com\\\/arg\\\/eventos\\\/\",\"url\":\"https:\\\/\\\/familiaschroeder.com\\\/arg\\\/eventos\\\/\",\"name\":\"Eventos | Familia Schroeder\",\"isPartOf\":{\"@id\":\"https:\\\/\\\/familiaschroeder.com\\\/arg\\\/#website\"},\"datePublished\":\"2024-02-09T17:52:02+00:00\",\"dateModified\":\"2025-02-06T14:13:21+00:00\",\"breadcrumb\":{\"@id\":\"https:\\\/\\\/familiaschroeder.com\\\/arg\\\/eventos\\\/#breadcrumb\"},\"inLanguage\":\"es-AR\",\"potentialAction\":[{\"@type\":\"ReadAction\",\"target\":[\"https:\\\/\\\/familiaschroeder.com\\\/arg\\\/eventos\\\/\"]}]},{\"@type\":\"BreadcrumbList\",\"@id\":\"https:\\\/\\\/familiaschroeder.com\\\/arg\\\/eventos\\\/#breadcrumb\",\"itemListElement\":[{\"@type\":\"ListItem\",\"position\":1,\"name\":\"Portada\",\"item\":\"https:\\\/\\\/familiaschroeder.com\\\/arg\\\/\"},{\"@type\":\"ListItem\",\"position\":2,\"name\":\"Eventos\"}]},{\"@type\":\"WebSite\",\"@id\":\"https:\\\/\\\/familiaschroeder.com\\\/arg\\\/#website\",\"url\":\"https:\\\/\\\/familiaschroeder.com\\\/arg\\\/\",\"name\":\"Bodega Familia Schroeder\",\"description\":\"Nuestra Bodega est\u00e1 ubicada en la Patagonia, donde se cultivan vides de la m\u00e1s alta calidad enol\u00f3gica.\",\"publisher\":{\"@id\":\"https:\\\/\\\/familiaschroeder.com\\\/arg\\\/#organization\"},\"alternateName\":\"Familia Schroeder\",\"potentialAction\":[{\"@type\":\"SearchAction\",\"target\":{\"@type\":\"EntryPoint\",\"urlTemplate\":\"https:\\\/\\\/familiaschroeder.com\\\/arg\\\/?s={search_term_string}\"},\"query-input\":{\"@type\":\"PropertyValueSpecification\",\"valueRequired\":true,\"valueName\":\"search_term_string\"}}],\"inLanguage\":\"es-AR\"},{\"@type\":\"Organization\",\"@id\":\"https:\\\/\\\/familiaschroeder.com\\\/arg\\\/#organization\",\"name\":\"Bodega Familia Schroeder\",\"url\":\"https:\\\/\\\/familiaschroeder.com\\\/arg\\\/\",\"logo\":{\"@type\":\"ImageObject\",\"inLanguage\":\"es-AR\",\"@id\":\"https:\\\/\\\/familiaschroeder.com\\\/arg\\\/#\\\/schema\\\/logo\\\/image\\\/\",\"url\":\"https:\\\/\\\/familiaschroeder.com\\\/arg\\\/wp-content\\\/uploads\\\/2020\\\/03\\\/logodarks.png\",\"contentUrl\":\"https:\\\/\\\/familiaschroeder.com\\\/arg\\\/wp-content\\\/uploads\\\/2020\\\/03\\\/logodarks.png\",\"width\":203,\"height\":61,\"caption\":\"Bodega Familia Schroeder\"},\"image\":{\"@id\":\"https:\\\/\\\/familiaschroeder.com\\\/arg\\\/#\\\/schema\\\/logo\\\/image\\\/\"},\"sameAs\":[\"https:\\\/\\\/www.facebook.com\\\/BodegaFamiliaSchroeder\\\/\",\"https:\\\/\\\/www.instagram.com\\\/schroederwines\\\/\",\"https:\\\/\\\/www.tripadvisor.com.ar\\\/Restaurant_Review-g3750325-d2314259-Reviews-Saurus_Restaurant-San_Patricio_del_Chanar_Province_of_Neuquen_Patagonia.html\",\"https:\\\/\\\/www.youtube.com\\\/channel\\\/UCThjlHwf8529C5Bg-nVy1Lg\"]}]}<\/script>\n<!-- \/ Yoast SEO plugin. -->","yoast_head_json":{"title":"Eventos | Familia Schroeder","robots":{"index":"index","follow":"follow","max-snippet":"max-snippet:-1","max-image-preview":"max-image-preview:large","max-video-preview":"max-video-preview:-1"},"canonical":"https:\/\/familiaschroeder.com\/arg\/eventos\/","og_locale":"es_ES","og_type":"article","og_title":"Eventos | Familia Schroeder","og_description":"[vc_row css=&#8221;.vc_custom_1706020455166{margin-bottom: 20px !important;padding-bottom: 0px !important;}&#8221; responsive_css=&#8221;margin_top_medium:50px&#8221;][vc_column align=&#8221;text-center&#8221; offset=&#8221;vc_col-md-offset-2 vc_col-md-8&#8243; css=&#8221;.vc_custom_1545670816022{padding-right: 7% !important;padding-left: 7% !important;}&#8221;][vc_column_text]...","og_url":"https:\/\/familiaschroeder.com\/arg\/eventos\/","og_site_name":"Familia Schroeder","article_publisher":"https:\/\/www.facebook.com\/BodegaFamiliaSchroeder\/","article_modified_time":"2025-02-06T14:13:21+00:00","twitter_card":"summary_large_image","twitter_misc":{"Tiempo de lectura":"1 minuto"},"schema":{"@context":"https:\/\/schema.org","@graph":[{"@type":"WebPage","@id":"https:\/\/familiaschroeder.com\/arg\/eventos\/","url":"https:\/\/familiaschroeder.com\/arg\/eventos\/","name":"Eventos | Familia Schroeder","isPartOf":{"@id":"https:\/\/familiaschroeder.com\/arg\/#website"},"datePublished":"2024-02-09T17:52:02+00:00","dateModified":"2025-02-06T14:13:21+00:00","breadcrumb":{"@id":"https:\/\/familiaschroeder.com\/arg\/eventos\/#breadcrumb"},"inLanguage":"es-AR","potentialAction":[{"@type":"ReadAction","target":["https:\/\/familiaschroeder.com\/arg\/eventos\/"]}]},{"@type":"BreadcrumbList","@id":"https:\/\/familiaschroeder.com\/arg\/eventos\/#breadcrumb","itemListElement":[{"@type":"ListItem","position":1,"name":"Portada","item":"https:\/\/familiaschroeder.com\/arg\/"},{"@type":"ListItem","position":2,"name":"Eventos"}]},{"@type":"WebSite","@id":"https:\/\/familiaschroeder.com\/arg\/#website","url":"https:\/\/familiaschroeder.com\/arg\/","name":"Bodega Familia Schroeder","description":"Nuestra Bodega est\u00e1 ubicada en la Patagonia, donde se cultivan vides de la m\u00e1s alta calidad enol\u00f3gica.","publisher":{"@id":"https:\/\/familiaschroeder.com\/arg\/#organization"},"alternateName":"Familia Schroeder","potentialAction":[{"@type":"SearchAction","target":{"@type":"EntryPoint","urlTemplate":"https:\/\/familiaschroeder.com\/arg\/?s={search_term_string}"},"query-input":{"@type":"PropertyValueSpecification","valueRequired":true,"valueName":"search_term_string"}}],"inLanguage":"es-AR"},{"@type":"Organization","@id":"https:\/\/familiaschroeder.com\/arg\/#organization","name":"Bodega Familia Schroeder","url":"https:\/\/familiaschroeder.com\/arg\/","logo":{"@type":"ImageObject","inLanguage":"es-AR","@id":"https:\/\/familiaschroeder.com\/arg\/#\/schema\/logo\/image\/","url":"https:\/\/familiaschroeder.com\/arg\/wp-content\/uploads\/2020\/03\/logodarks.png","contentUrl":"https:\/\/familiaschroeder.com\/arg\/wp-content\/uploads\/2020\/03\/logodarks.png","width":203,"height":61,"caption":"Bodega Familia Schroeder"},"image":{"@id":"https:\/\/familiaschroeder.com\/arg\/#\/schema\/logo\/image\/"},"sameAs":["https:\/\/www.facebook.com\/BodegaFamiliaSchroeder\/","https:\/\/www.instagram.com\/schroederwines\/","https:\/\/www.tripadvisor.com.ar\/Restaurant_Review-g3750325-d2314259-Reviews-Saurus_Restaurant-San_Patricio_del_Chanar_Province_of_Neuquen_Patagonia.html","https:\/\/www.youtube.com\/channel\/UCThjlHwf8529C5Bg-nVy1Lg"]}]}},"_links":{"self":[{"href":"https:\/\/familiaschroeder.com\/arg\/wp-json\/wp\/v2\/pages\/4237","targetHints":{"allow":["GET"]}}],"collection":[{"href":"https:\/\/familiaschroeder.com\/arg\/wp-json\/wp\/v2\/pages"}],"about":[{"href":"https:\/\/familiaschroeder.com\/arg\/wp-json\/wp\/v2\/types\/page"}],"author":[{"embeddable":true,"href":"https:\/\/familiaschroeder.com\/arg\/wp-json\/wp\/v2\/users\/1"}],"replies":[{"embeddable":true,"href":"https:\/\/familiaschroeder.com\/arg\/wp-json\/wp\/v2\/comments?post=4237"}],"version-history":[{"count":16,"href":"https:\/\/familiaschroeder.com\/arg\/wp-json\/wp\/v2\/pages\/4237\/revisions"}],"predecessor-version":[{"id":5118,"href":"https:\/\/familiaschroeder.com\/arg\/wp-json\/wp\/v2\/pages\/4237\/revisions\/5118"}],"wp:attachment":[{"href":"https:\/\/familiaschroeder.com\/arg\/wp-json\/wp\/v2\/media?parent=4237"}],"curies":[{"name":"wp","href":"https:\/\/api.w.org\/{rel}","templated":true}]}}