{"id":3281,"date":"2024-01-08T16:51:24","date_gmt":"2024-01-08T19:51:24","guid":{"rendered":"https:\/\/familiaschroeder.com\/arg\/?page_id=3281"},"modified":"2024-02-06T14:47:16","modified_gmt":"2024-02-06T17:47:16","slug":"recetas","status":"publish","type":"page","link":"https:\/\/familiaschroeder.com\/arg\/recetas\/","title":{"rendered":"Recetas"},"content":{"rendered":"<div class=\"wpb-content-wrapper\"><p>[vc_row css=&#8221;.vc_custom_1706019714490{margin-top: 50px !important;margin-bottom: 0px !important;padding-bottom: 0px !important;}&#8221;][vc_column align=&#8221;text-center&#8221; offset=&#8221;vc_col-md-offset-2 vc_col-md-8&#8243; css=&#8221;.vc_custom_1545670816022{padding-right: 7% !important;padding-left: 7% !important;}&#8221;]<style>.ld_fancy_heading_69e9f88755650 h2 {margin-bottom:0px !important;  } @media (min-width: 1200px) { .ld_fancy_heading_69e9f88755650 h2 {margin-bottom:0px !important;  }  } .ld_fancy_heading_69e9f88755650 .lqd-highlight-inner{height:0.275em;bottom:0px;}.ld_fancy_heading_69e9f88755650 h2 {margin-bottom:0px !important;  } @media (min-width: 1200px) { .ld_fancy_heading_69e9f88755650 h2 {margin-bottom:0px !important;  }  } <\/style><div class=\"ld-fancy-heading ld_fancy_heading_69e9f88755650\">\n\t<h2 class=\"lqd-highlight-underline lqd-highlight-grow-left\" ><span class=\"ld-fh-txt\"> <\/p>\n<p style=\"text-align: center\">Recetas<\/p>\n<p><\/span><\/h2><\/div>[vc_column_text]<\/p>\n<p style=\"text-align: center;\"><em><strong><span style=\"font-family: 'Libre Baskerville';\">Maridaje Perfecto<\/span><\/strong><\/em><br \/>\n\u00bfPara qu\u00e9 vino quer\u00e9s cocinar?<\/p>\n<p>[\/vc_column_text]<style>.ld_spacer_69e9f88755a68{height:60px;}<\/style>\n<div class=\"ld-empty-space ld_spacer_69e9f88755a68\"><span class=\"liquid_empty_space_inner\"><\/span><\/div>[\/vc_column][\/vc_row][vc_row][vc_column]<style>.ld_section_title_69e9f88755c0d h4{color:rgb(0, 0, 0);}<\/style><header class=\"fancy-title text-center ld_section_title_69e9f88755c0d vc_custom_1706798264533\">\n\t<h2>MERLOT<\/h2>\t<h4 class=\"\">Recetas perfectas para nuestro Merlot<\/h4>\t<\/header>[\/vc_column][\/vc_row][vc_row][vc_column][vc_tta_tour][vc_tta_section title=&#8221;Risotto&#8221; tab_id=&#8221;receta-risotto&#8221;][vc_row_inner][vc_column_inner width=&#8221;1\/4&#8243; align=&#8221;text-center&#8221;]<style>.ld_button_69e9f88755ec2 .btn-icon{color:rgb(191, 162, 102);font-size:18px;margin-bottom:10px !important;}<\/style><a href=\"\/arg\/wp-content\/uploads\/pdfs\/Receta-Risotto-Bodega-Schroeder.pdf\" title=\"Rissoto Bodega Schroeder\" target=\"_blank\" class=\"btn btn-split fresco ld_button_69e9f88755ec2 vc_custom_1707161025571\">\n\t<span>\n\t<span class=\"btn-split-bg\"><\/span>\t\n\t\t\t\t\t<span class=\"btn-txt\">Descargar Receta<\/span>\n\t\t\t\n\t<span class=\"btn-icon\"><i class=\"icon-et-download\"><\/i><\/span>\t\t\t<\/span>\n<\/a>\n[vc_separator css=&#8221;.vc_custom_1707160573403{margin-top: 25px !important;margin-bottom: 25px !important;}&#8221;]<style>.ld_icon_box_69e9f887569e6 .iconbox-icon-container{color:rgb(191, 162, 102);font-size:22px;margin-bottom:2px !important;border-radius:px;}.ld_icon_box_69e9f887569e6 h3{margin-bottom:px;}<\/style>\n<div class=\"iconbox iconbox-heading-sm ld_icon_box_69e9f887569e6 vc_custom_1707241554128\" id=\"ld_icon_box_69e9f887569e6\"  data-plugin-options='{\"color\":\"rgb(191, 162, 102)\"}'  >\n\t\n\t\t<div class=\"iconbox-icon-wrap\"><span class=\"iconbox-icon-container\"><i class=\"icon-et-wine\"><\/i><\/span><\/div><!-- \/.iconbox-icon-wrap -->\t\n\t\t\n\t<div class=\"contents\">\t\n\t\t<p>Ficha T\u00e9cnica<br \/>\n<strong>Select Merlot<\/strong><\/p>\n\t\t\n\t<\/div>\t\n\t<a href=\"https:\/\/familiaschroeder.com\/arg\/vinos\/#merlot-select\" class=\"liquid-overlay-link z-index-2\"><\/a>\n<\/div>\n[\/vc_column_inner][vc_column_inner width=&#8221;3\/4&#8243;][vc_single_image image=&#8221;3284&#8243; img_size=&#8221;full&#8221; alignment=&#8221;center&#8221;][\/vc_column_inner][\/vc_row_inner][\/vc_tta_section][\/vc_tta_tour][\/vc_column][\/vc_row][vc_row][vc_column]<style>.ld_section_title_69e9f88757548 h4{color:rgb(0, 0, 0);}<\/style><header class=\"fancy-title text-center ld_section_title_69e9f88757548 vc_custom_1706798391542\">\n\t<h2>Llao Llao<\/h2>\t<h4 class=\"\">Recetas perfectas para nuestro Llao Llao<\/h4>\t<\/header>[\/vc_column][\/vc_row][vc_row][vc_column][vc_tta_tour][vc_tta_section title=&#8221;Mollejas&#8221; tab_id=&#8221;receta-mollejas&#8221;][vc_row_inner][vc_column_inner width=&#8221;1\/4&#8243; align=&#8221;text-center&#8221;]<style>.ld_button_69e9f88757743 .btn-icon{color:rgb(191, 162, 102);font-size:18px;margin-bottom:10px !important;}<\/style><a href=\"\/arg\/wp-content\/uploads\/pdfs\/Receta-Mollejas-Schroeder.pdf\" title=\"Rissoto Bodega Schroeder\" target=\"_blank\" class=\"btn btn-split fresco ld_button_69e9f88757743 vc_custom_1707161175210\">\n\t<span>\n\t<span class=\"btn-split-bg\"><\/span>\t\n\t\t\t\t\t<span class=\"btn-txt\">Descargar Receta<\/span>\n\t\t\t\n\t<span class=\"btn-icon\"><i class=\"icon-et-download\"><\/i><\/span>\t\t\t<\/span>\n<\/a>\n[vc_separator css=&#8221;.vc_custom_1707160573403{margin-top: 25px !important;margin-bottom: 25px !important;}&#8221;]<style>.ld_icon_box_69e9f88758033 .iconbox-icon-container{color:rgb(191, 162, 102);font-size:22px;margin-bottom:2px !important;border-radius:px;}.ld_icon_box_69e9f88758033 h3{margin-bottom:px;}<\/style>\n<div class=\"iconbox iconbox-heading-sm ld_icon_box_69e9f88758033 vc_custom_1707241621925\" id=\"ld_icon_box_69e9f88758033\"  data-plugin-options='{\"color\":\"rgb(191, 162, 102)\"}'  >\n\t\n\t\t<div class=\"iconbox-icon-wrap\"><span class=\"iconbox-icon-container\"><i class=\"icon-et-wine\"><\/i><\/span><\/div><!-- \/.iconbox-icon-wrap -->\t\n\t\t\n\t<div class=\"contents\">\t\n\t\t<p>Ficha T\u00e9cnica<br \/>\n<strong>Llao Llao<\/strong><\/p>\n\t\t\n\t<\/div>\t\n\t<a href=\"https:\/\/familiaschroeder.com\/arg\/vinos\/#blend-patagonico-llao-llao\" class=\"liquid-overlay-link z-index-2\"><\/a>\n<\/div>\n[\/vc_column_inner][vc_column_inner width=&#8221;3\/4&#8243;][vc_single_image image=&#8221;4092&#8243; img_size=&#8221;full&#8221; alignment=&#8221;center&#8221;][\/vc_column_inner][\/vc_row_inner][\/vc_tta_section][vc_tta_section title=&#8221;Sandwich de Trucha&#8221; tab_id=&#8221;receta-sandwich-trucha&#8221;][vc_row_inner][vc_column_inner width=&#8221;1\/4&#8243; align=&#8221;text-center&#8221;]<style>.ld_button_69e9f8875897d .btn-icon{color:rgb(191, 162, 102);font-size:18px;margin-bottom:10px !important;}<\/style><a href=\"\/arg\/wp-content\/uploads\/pdfs\/Receta-Sandwich-de-trucha-Schroeder.pdf\" title=\"Rissoto Bodega Schroeder\" target=\"_blank\" class=\"btn btn-split fresco ld_button_69e9f8875897d vc_custom_1707161206089\">\n\t<span>\n\t<span class=\"btn-split-bg\"><\/span>\t\n\t\t\t\t\t<span class=\"btn-txt\">Descargar Receta<\/span>\n\t\t\t\n\t<span class=\"btn-icon\"><i class=\"icon-et-download\"><\/i><\/span>\t\t\t<\/span>\n<\/a>\n[vc_separator css=&#8221;.vc_custom_1707160573403{margin-top: 25px !important;margin-bottom: 25px !important;}&#8221;]<style>.ld_icon_box_69e9f887592c8 .iconbox-icon-container{color:rgb(191, 162, 102);font-size:22px;margin-bottom:2px !important;border-radius:px;}.ld_icon_box_69e9f887592c8 h3{margin-bottom:px;}<\/style>\n<div class=\"iconbox iconbox-heading-sm ld_icon_box_69e9f887592c8 vc_custom_1707241632408\" id=\"ld_icon_box_69e9f887592c8\"  data-plugin-options='{\"color\":\"rgb(191, 162, 102)\"}'  >\n\t\n\t\t<div class=\"iconbox-icon-wrap\"><span class=\"iconbox-icon-container\"><i class=\"icon-et-wine\"><\/i><\/span><\/div><!-- \/.iconbox-icon-wrap -->\t\n\t\t\n\t<div class=\"contents\">\t\n\t\t<p>Ficha T\u00e9cnica<br \/>\n<strong>Llao Llao<\/strong><\/p>\n\t\t\n\t<\/div>\t\n\t<a href=\"https:\/\/familiaschroeder.com\/arg\/vinos\/#blend-patagonico-llao-llao\" class=\"liquid-overlay-link z-index-2\"><\/a>\n<\/div>\n[\/vc_column_inner][vc_column_inner width=&#8221;3\/4&#8243;][vc_single_image image=&#8221;4093&#8243; img_size=&#8221;full&#8221; alignment=&#8221;center&#8221;][\/vc_column_inner][\/vc_row_inner][\/vc_tta_section][\/vc_tta_tour][\/vc_column][\/vc_row][vc_row][vc_column][vc_empty_space height=&#8221;20px&#8221;][\/vc_column][\/vc_row]<\/p>\n<\/div>","protected":false},"excerpt":{"rendered":"<p>[vc_row css=&#8221;.vc_custom_1706019714490{margin-top: 50px !important;margin-bottom: 0px !important;padding-bottom: 0px !important;}&#8221;][vc_column align=&#8221;text-center&#8221; offset=&#8221;vc_col-md-offset-2 vc_col-md-8&#8243; css=&#8221;.vc_custom_1545670816022{padding-right: 7% !important;padding-left: 7%&#8230;<\/p>\n","protected":false},"author":1,"featured_media":0,"parent":0,"menu_order":0,"comment_status":"closed","ping_status":"closed","template":"","meta":{"_acf_changed":false,"_monsterinsights_skip_tracking":false,"_monsterinsights_sitenote_active":false,"_monsterinsights_sitenote_note":"","_monsterinsights_sitenote_category":0,"footnotes":""},"class_list":["post-3281","page","type-page","status-publish","hentry"],"acf":[],"yoast_head":"<!-- This site is optimized with the Yoast SEO plugin v27.4 - https:\/\/yoast.com\/product\/yoast-seo-wordpress\/ -->\n<title>Recetas | Familia Schroeder<\/title>\n<meta name=\"description\" content=\"Encontr\u00e1 el maridaje perfecto para acompa\u00f1ar al vino que m\u00e1s te gusta. Te dejamos recetas que vayan acorde al vino que quer\u00e9s disfrutar.\" \/>\n<meta name=\"robots\" content=\"index, follow, max-snippet:-1, max-image-preview:large, max-video-preview:-1\" \/>\n<link rel=\"canonical\" href=\"https:\/\/familiaschroeder.com\/arg\/recetas\/\" \/>\n<meta property=\"og:locale\" content=\"es_ES\" \/>\n<meta property=\"og:type\" content=\"article\" \/>\n<meta property=\"og:title\" content=\"Recetas | Familia Schroeder\" \/>\n<meta property=\"og:description\" content=\"Encontr\u00e1 el maridaje perfecto para acompa\u00f1ar al vino que m\u00e1s te gusta. Te dejamos recetas que vayan acorde al vino que quer\u00e9s disfrutar.\" \/>\n<meta property=\"og:url\" content=\"https:\/\/familiaschroeder.com\/arg\/recetas\/\" \/>\n<meta property=\"og:site_name\" content=\"Familia Schroeder\" \/>\n<meta property=\"article:publisher\" content=\"https:\/\/www.facebook.com\/BodegaFamiliaSchroeder\/\" \/>\n<meta property=\"article:modified_time\" content=\"2024-02-06T17:47:16+00:00\" \/>\n<meta name=\"twitter:card\" content=\"summary_large_image\" \/>\n<meta name=\"twitter:label1\" content=\"Tiempo de lectura\" \/>\n\t<meta name=\"twitter:data1\" content=\"2 minutos\" \/>\n<script type=\"application\/ld+json\" class=\"yoast-schema-graph\">{\"@context\":\"https:\\\/\\\/schema.org\",\"@graph\":[{\"@type\":\"WebPage\",\"@id\":\"https:\\\/\\\/familiaschroeder.com\\\/arg\\\/recetas\\\/\",\"url\":\"https:\\\/\\\/familiaschroeder.com\\\/arg\\\/recetas\\\/\",\"name\":\"Recetas | Familia Schroeder\",\"isPartOf\":{\"@id\":\"https:\\\/\\\/familiaschroeder.com\\\/arg\\\/#website\"},\"datePublished\":\"2024-01-08T19:51:24+00:00\",\"dateModified\":\"2024-02-06T17:47:16+00:00\",\"description\":\"Encontr\u00e1 el maridaje perfecto para acompa\u00f1ar al vino que m\u00e1s te gusta. Te dejamos recetas que vayan acorde al vino que quer\u00e9s disfrutar.\",\"breadcrumb\":{\"@id\":\"https:\\\/\\\/familiaschroeder.com\\\/arg\\\/recetas\\\/#breadcrumb\"},\"inLanguage\":\"es-AR\",\"potentialAction\":[{\"@type\":\"ReadAction\",\"target\":[\"https:\\\/\\\/familiaschroeder.com\\\/arg\\\/recetas\\\/\"]}]},{\"@type\":\"BreadcrumbList\",\"@id\":\"https:\\\/\\\/familiaschroeder.com\\\/arg\\\/recetas\\\/#breadcrumb\",\"itemListElement\":[{\"@type\":\"ListItem\",\"position\":1,\"name\":\"Portada\",\"item\":\"https:\\\/\\\/familiaschroeder.com\\\/arg\\\/\"},{\"@type\":\"ListItem\",\"position\":2,\"name\":\"Recetas\"}]},{\"@type\":\"WebSite\",\"@id\":\"https:\\\/\\\/familiaschroeder.com\\\/arg\\\/#website\",\"url\":\"https:\\\/\\\/familiaschroeder.com\\\/arg\\\/\",\"name\":\"Bodega Familia Schroeder\",\"description\":\"Nuestra Bodega est\u00e1 ubicada en la Patagonia, donde se cultivan vides de la m\u00e1s alta calidad enol\u00f3gica.\",\"publisher\":{\"@id\":\"https:\\\/\\\/familiaschroeder.com\\\/arg\\\/#organization\"},\"alternateName\":\"Familia Schroeder\",\"potentialAction\":[{\"@type\":\"SearchAction\",\"target\":{\"@type\":\"EntryPoint\",\"urlTemplate\":\"https:\\\/\\\/familiaschroeder.com\\\/arg\\\/?s={search_term_string}\"},\"query-input\":{\"@type\":\"PropertyValueSpecification\",\"valueRequired\":true,\"valueName\":\"search_term_string\"}}],\"inLanguage\":\"es-AR\"},{\"@type\":\"Organization\",\"@id\":\"https:\\\/\\\/familiaschroeder.com\\\/arg\\\/#organization\",\"name\":\"Bodega Familia Schroeder\",\"url\":\"https:\\\/\\\/familiaschroeder.com\\\/arg\\\/\",\"logo\":{\"@type\":\"ImageObject\",\"inLanguage\":\"es-AR\",\"@id\":\"https:\\\/\\\/familiaschroeder.com\\\/arg\\\/#\\\/schema\\\/logo\\\/image\\\/\",\"url\":\"https:\\\/\\\/familiaschroeder.com\\\/arg\\\/wp-content\\\/uploads\\\/2020\\\/03\\\/logodarks.png\",\"contentUrl\":\"https:\\\/\\\/familiaschroeder.com\\\/arg\\\/wp-content\\\/uploads\\\/2020\\\/03\\\/logodarks.png\",\"width\":203,\"height\":61,\"caption\":\"Bodega Familia Schroeder\"},\"image\":{\"@id\":\"https:\\\/\\\/familiaschroeder.com\\\/arg\\\/#\\\/schema\\\/logo\\\/image\\\/\"},\"sameAs\":[\"https:\\\/\\\/www.facebook.com\\\/BodegaFamiliaSchroeder\\\/\",\"https:\\\/\\\/www.instagram.com\\\/schroederwines\\\/\",\"https:\\\/\\\/www.tripadvisor.com.ar\\\/Restaurant_Review-g3750325-d2314259-Reviews-Saurus_Restaurant-San_Patricio_del_Chanar_Province_of_Neuquen_Patagonia.html\",\"https:\\\/\\\/www.youtube.com\\\/channel\\\/UCThjlHwf8529C5Bg-nVy1Lg\"]}]}<\/script>\n<!-- \/ Yoast SEO plugin. -->","yoast_head_json":{"title":"Recetas | Familia Schroeder","description":"Encontr\u00e1 el maridaje perfecto para acompa\u00f1ar al vino que m\u00e1s te gusta. Te dejamos recetas que vayan acorde al vino que quer\u00e9s disfrutar.","robots":{"index":"index","follow":"follow","max-snippet":"max-snippet:-1","max-image-preview":"max-image-preview:large","max-video-preview":"max-video-preview:-1"},"canonical":"https:\/\/familiaschroeder.com\/arg\/recetas\/","og_locale":"es_ES","og_type":"article","og_title":"Recetas | Familia Schroeder","og_description":"Encontr\u00e1 el maridaje perfecto para acompa\u00f1ar al vino que m\u00e1s te gusta. Te dejamos recetas que vayan acorde al vino que quer\u00e9s disfrutar.","og_url":"https:\/\/familiaschroeder.com\/arg\/recetas\/","og_site_name":"Familia Schroeder","article_publisher":"https:\/\/www.facebook.com\/BodegaFamiliaSchroeder\/","article_modified_time":"2024-02-06T17:47:16+00:00","twitter_card":"summary_large_image","twitter_misc":{"Tiempo de lectura":"2 minutos"},"schema":{"@context":"https:\/\/schema.org","@graph":[{"@type":"WebPage","@id":"https:\/\/familiaschroeder.com\/arg\/recetas\/","url":"https:\/\/familiaschroeder.com\/arg\/recetas\/","name":"Recetas | Familia Schroeder","isPartOf":{"@id":"https:\/\/familiaschroeder.com\/arg\/#website"},"datePublished":"2024-01-08T19:51:24+00:00","dateModified":"2024-02-06T17:47:16+00:00","description":"Encontr\u00e1 el maridaje perfecto para acompa\u00f1ar al vino que m\u00e1s te gusta. Te dejamos recetas que vayan acorde al vino que quer\u00e9s disfrutar.","breadcrumb":{"@id":"https:\/\/familiaschroeder.com\/arg\/recetas\/#breadcrumb"},"inLanguage":"es-AR","potentialAction":[{"@type":"ReadAction","target":["https:\/\/familiaschroeder.com\/arg\/recetas\/"]}]},{"@type":"BreadcrumbList","@id":"https:\/\/familiaschroeder.com\/arg\/recetas\/#breadcrumb","itemListElement":[{"@type":"ListItem","position":1,"name":"Portada","item":"https:\/\/familiaschroeder.com\/arg\/"},{"@type":"ListItem","position":2,"name":"Recetas"}]},{"@type":"WebSite","@id":"https:\/\/familiaschroeder.com\/arg\/#website","url":"https:\/\/familiaschroeder.com\/arg\/","name":"Bodega Familia Schroeder","description":"Nuestra Bodega est\u00e1 ubicada en la Patagonia, donde se cultivan vides de la m\u00e1s alta calidad enol\u00f3gica.","publisher":{"@id":"https:\/\/familiaschroeder.com\/arg\/#organization"},"alternateName":"Familia Schroeder","potentialAction":[{"@type":"SearchAction","target":{"@type":"EntryPoint","urlTemplate":"https:\/\/familiaschroeder.com\/arg\/?s={search_term_string}"},"query-input":{"@type":"PropertyValueSpecification","valueRequired":true,"valueName":"search_term_string"}}],"inLanguage":"es-AR"},{"@type":"Organization","@id":"https:\/\/familiaschroeder.com\/arg\/#organization","name":"Bodega Familia Schroeder","url":"https:\/\/familiaschroeder.com\/arg\/","logo":{"@type":"ImageObject","inLanguage":"es-AR","@id":"https:\/\/familiaschroeder.com\/arg\/#\/schema\/logo\/image\/","url":"https:\/\/familiaschroeder.com\/arg\/wp-content\/uploads\/2020\/03\/logodarks.png","contentUrl":"https:\/\/familiaschroeder.com\/arg\/wp-content\/uploads\/2020\/03\/logodarks.png","width":203,"height":61,"caption":"Bodega Familia Schroeder"},"image":{"@id":"https:\/\/familiaschroeder.com\/arg\/#\/schema\/logo\/image\/"},"sameAs":["https:\/\/www.facebook.com\/BodegaFamiliaSchroeder\/","https:\/\/www.instagram.com\/schroederwines\/","https:\/\/www.tripadvisor.com.ar\/Restaurant_Review-g3750325-d2314259-Reviews-Saurus_Restaurant-San_Patricio_del_Chanar_Province_of_Neuquen_Patagonia.html","https:\/\/www.youtube.com\/channel\/UCThjlHwf8529C5Bg-nVy1Lg"]}]}},"_links":{"self":[{"href":"https:\/\/familiaschroeder.com\/arg\/wp-json\/wp\/v2\/pages\/3281","targetHints":{"allow":["GET"]}}],"collection":[{"href":"https:\/\/familiaschroeder.com\/arg\/wp-json\/wp\/v2\/pages"}],"about":[{"href":"https:\/\/familiaschroeder.com\/arg\/wp-json\/wp\/v2\/types\/page"}],"author":[{"embeddable":true,"href":"https:\/\/familiaschroeder.com\/arg\/wp-json\/wp\/v2\/users\/1"}],"replies":[{"embeddable":true,"href":"https:\/\/familiaschroeder.com\/arg\/wp-json\/wp\/v2\/comments?post=3281"}],"version-history":[{"count":54,"href":"https:\/\/familiaschroeder.com\/arg\/wp-json\/wp\/v2\/pages\/3281\/revisions"}],"predecessor-version":[{"id":4214,"href":"https:\/\/familiaschroeder.com\/arg\/wp-json\/wp\/v2\/pages\/3281\/revisions\/4214"}],"wp:attachment":[{"href":"https:\/\/familiaschroeder.com\/arg\/wp-json\/wp\/v2\/media?parent=3281"}],"curies":[{"name":"wp","href":"https:\/\/api.w.org\/{rel}","templated":true}]}}